{"id":244233,"date":"2024-09-29T06:50:44","date_gmt":"2024-09-29T06:50:44","guid":{"rendered":"https:\/\/irankiuzona.lt\/product\/irankiu-vezimelis-6-stalciu-su-223-irankiais\/"},"modified":"2026-05-16T13:40:18","modified_gmt":"2026-05-16T13:40:18","slug":"irankiu-vezimelis-6-stalciu-su-223-irankiais","status":"publish","type":"product","link":"https:\/\/irankiuzona.lt\/ru\/product\/irankiu-vezimelis-6-stalciu-su-223-irankiais\/","title":{"rendered":"\u012eranki\u0173 ve\u017eim\u0117lis 6 stal\u010di\u0173 su 223 \u012frankiais"},"content":{"rendered":"<p>Profesionalus \u012franki\u0173 ve\u017eim\u0117lis mechanikui, su pilnai sukomplektuotais 5 stal\u010diais ir 223 \u012frankiais. Visi \u012frankiai sud\u0117ti mink\u0161tame poroloniniame d\u0117kle su tikslia i\u0161pjova ir \u017eym\u0117jimu kiekvienam \u012frankiui!1 stal\u010dius &#8211; 1\/4 + 3\/8 + 1\/2 galvu\u010di\u0173 ir terk\u0161li\u0173 komplektai;\u00a02 stal\u010dius &#8211;\u00a0antgali\u0173 komplektas (10mm &#8211; HEX, TORX, SPLINE); 1\/2 ilg\u0173 galv\u0173 komplektas; 1\/2 ilg\u0173 sm\u016bgini\u0173 galv\u0173 komplektas;3 stal\u010dius &#8211; lenkt\u0173 dvigubos kilpos rakt\u0173 komplektas 6-19mm;\u00a0kombinuot\u0173 rakt\u0173 komplektas 6-32mm;4 stal\u010dius &#8211; &#8222;+&#8221; PH atsuktuv\u0173 komplektas; &#8222;-&#8221; SL atsuktuv\u0173 komplektas; kalami atsuktuvai + lenkt\u0173 TORX ir HEX komplektai;5 stal\u010dius &#8211; \u012fvairi\u0173 repli\u0173 komplektas; repli\u0173 fiksavimo \u017eiedams komplektas; plaktuko ir kalt\u0173-i\u0161kal\u0117j\u0173 komplektas;<\/p>","protected":false},"excerpt":{"rendered":"<p>Serviso \u012franki\u0173 spintel\u0117 6 stal\u010di\u0173 su 223 \u012frankiais\u00a0\/ Hogert technik\u00a0HT7G053-INS<br \/>\nAkcijin\u0117 kaina galioja tik Lietuvoje!! Kaina eksportui &#8211; 700Eur be PVM.<\/p>","protected":false},"featured_media":244235,"comment_status":"open","ping_status":"closed","template":"","meta":[],"product_cat":[9943],"product_tag":[9969],"class_list":{"0":"post-244233","1":"product","2":"type-product","3":"status-publish","4":"has-post-thumbnail","6":"product_brand-hogert-technik-vokietija","7":"product_cat-vezimeliai-irankiu-spintos","8":"product_tag-hogert-technik-vokietija","10":"first","11":"outofstock","12":"purchasable","13":"product-type-simple"},"jetpack_sharing_enabled":true,"_links":{"self":[{"href":"https:\/\/irankiuzona.lt\/ru\/wp-json\/wp\/v2\/product\/244233","targetHints":{"allow":["GET"]}}],"collection":[{"href":"https:\/\/irankiuzona.lt\/ru\/wp-json\/wp\/v2\/product"}],"about":[{"href":"https:\/\/irankiuzona.lt\/ru\/wp-json\/wp\/v2\/types\/product"}],"replies":[{"embeddable":true,"href":"https:\/\/irankiuzona.lt\/ru\/wp-json\/wp\/v2\/comments?post=244233"}],"version-history":[{"count":2,"href":"https:\/\/irankiuzona.lt\/ru\/wp-json\/wp\/v2\/product\/244233\/revisions"}],"predecessor-version":[{"id":429453,"href":"https:\/\/irankiuzona.lt\/ru\/wp-json\/wp\/v2\/product\/244233\/revisions\/429453"}],"wp:featuredmedia":[{"embeddable":true,"href":"https:\/\/irankiuzona.lt\/ru\/wp-json\/wp\/v2\/media\/244235"}],"wp:attachment":[{"href":"https:\/\/irankiuzona.lt\/ru\/wp-json\/wp\/v2\/media?parent=244233"}],"wp:term":[{"taxonomy":"product_cat","embeddable":true,"href":"https:\/\/irankiuzona.lt\/ru\/wp-json\/wp\/v2\/product_cat?post=244233"},{"taxonomy":"product_tag","embeddable":true,"href":"https:\/\/irankiuzona.lt\/ru\/wp-json\/wp\/v2\/product_tag?post=244233"}],"curies":[{"name":"wp","href":"https:\/\/api.w.org\/{rel}","templated":true}]}}