{"id":244244,"date":"2024-09-29T06:50:45","date_gmt":"2024-09-29T06:50:45","guid":{"rendered":"https:\/\/irankiuzona.lt\/product\/raktas-stabdziu-vamzdeliams-cv-8-10mm\/"},"modified":"2026-05-16T09:41:40","modified_gmt":"2026-05-16T09:41:40","slug":"raktas-stabdziu-vamzdeliams-cv-8-10mm","status":"publish","type":"product","link":"https:\/\/irankiuzona.lt\/ru\/product\/raktas-stabdziu-vamzdeliams-cv-8-10mm\/","title":{"rendered":"Raktas stabd\u017ei\u0173 vamzdeliams CV 8\/10mm"},"content":{"rendered":"<p>\u2022 Designed for repair and maintenance of the hydraulic and pneumatic systems.<br \/>\n\u2022 The wrench is made of chrome-vanadium tool steel by hot stamping at a low temperature of the workpiece.<br \/>\n\u2022 Wrench working profiles are made with the high accuracy and hardene<\/p>","protected":false},"excerpt":{"rendered":"<p>Raktas stabd\u017ei\u0173 vamzdeliams su i\u0161pjova 8mm\/10mm<\/p>","protected":false},"featured_media":244246,"comment_status":"open","ping_status":"open","template":"","meta":[],"product_cat":[9596],"product_tag":[9898],"class_list":{"0":"post-244244","1":"product","2":"type-product","3":"status-publish","4":"has-post-thumbnail","6":"product_brand-avtodelo","7":"product_cat-raktai-vamzdeliams-su-ispjova","8":"product_tag-avtodelo","10":"first","11":"outofstock","12":"purchasable","13":"product-type-simple"},"jetpack_sharing_enabled":true,"_links":{"self":[{"href":"https:\/\/irankiuzona.lt\/ru\/wp-json\/wp\/v2\/product\/244244","targetHints":{"allow":["GET"]}}],"collection":[{"href":"https:\/\/irankiuzona.lt\/ru\/wp-json\/wp\/v2\/product"}],"about":[{"href":"https:\/\/irankiuzona.lt\/ru\/wp-json\/wp\/v2\/types\/product"}],"replies":[{"embeddable":true,"href":"https:\/\/irankiuzona.lt\/ru\/wp-json\/wp\/v2\/comments?post=244244"}],"version-history":[{"count":1,"href":"https:\/\/irankiuzona.lt\/ru\/wp-json\/wp\/v2\/product\/244244\/revisions"}],"predecessor-version":[{"id":416055,"href":"https:\/\/irankiuzona.lt\/ru\/wp-json\/wp\/v2\/product\/244244\/revisions\/416055"}],"wp:featuredmedia":[{"embeddable":true,"href":"https:\/\/irankiuzona.lt\/ru\/wp-json\/wp\/v2\/media\/244246"}],"wp:attachment":[{"href":"https:\/\/irankiuzona.lt\/ru\/wp-json\/wp\/v2\/media?parent=244244"}],"wp:term":[{"taxonomy":"product_cat","embeddable":true,"href":"https:\/\/irankiuzona.lt\/ru\/wp-json\/wp\/v2\/product_cat?post=244244"},{"taxonomy":"product_tag","embeddable":true,"href":"https:\/\/irankiuzona.lt\/ru\/wp-json\/wp\/v2\/product_tag?post=244244"}],"curies":[{"name":"wp","href":"https:\/\/api.w.org\/{rel}","templated":true}]}}