{"id":244247,"date":"2024-09-29T06:50:46","date_gmt":"2024-09-29T06:50:46","guid":{"rendered":"https:\/\/irankiuzona.lt\/product\/spyruokliu-suspaudejas-mercedes\/"},"modified":"2026-05-16T06:56:44","modified_gmt":"2026-05-16T06:56:44","slug":"spyruokliu-suspaudejas-mercedes","status":"publish","type":"product","link":"https:\/\/irankiuzona.lt\/ru\/product\/spyruokliu-suspaudejas-mercedes\/","title":{"rendered":"Spyruokli\u0173 suspaud\u0117jas Mercedes"},"content":{"rendered":"<p>Mercedes-Benz spyruokl\u0117ms<\/p>","protected":false},"excerpt":{"rendered":"<p>Spyruokli\u0173 suspaud\u0117jas MERCEDES automobiliams<\/p>","protected":false},"featured_media":244249,"comment_status":"open","ping_status":"open","template":"","meta":[],"product_cat":[9723],"product_tag":[10151],"class_list":{"0":"post-244247","1":"product","2":"type-product","3":"status-publish","4":"has-post-thumbnail","6":"product_brand-lenkija-tiekejas","7":"product_cat-spyruokliu-suspaudimo-irankiai","8":"product_tag-lenkija-tiekejas","10":"first","11":"outofstock","12":"purchasable","13":"product-type-simple"},"jetpack_sharing_enabled":true,"_links":{"self":[{"href":"https:\/\/irankiuzona.lt\/ru\/wp-json\/wp\/v2\/product\/244247","targetHints":{"allow":["GET"]}}],"collection":[{"href":"https:\/\/irankiuzona.lt\/ru\/wp-json\/wp\/v2\/product"}],"about":[{"href":"https:\/\/irankiuzona.lt\/ru\/wp-json\/wp\/v2\/types\/product"}],"replies":[{"embeddable":true,"href":"https:\/\/irankiuzona.lt\/ru\/wp-json\/wp\/v2\/comments?post=244247"}],"version-history":[{"count":1,"href":"https:\/\/irankiuzona.lt\/ru\/wp-json\/wp\/v2\/product\/244247\/revisions"}],"predecessor-version":[{"id":416056,"href":"https:\/\/irankiuzona.lt\/ru\/wp-json\/wp\/v2\/product\/244247\/revisions\/416056"}],"wp:featuredmedia":[{"embeddable":true,"href":"https:\/\/irankiuzona.lt\/ru\/wp-json\/wp\/v2\/media\/244249"}],"wp:attachment":[{"href":"https:\/\/irankiuzona.lt\/ru\/wp-json\/wp\/v2\/media?parent=244247"}],"wp:term":[{"taxonomy":"product_cat","embeddable":true,"href":"https:\/\/irankiuzona.lt\/ru\/wp-json\/wp\/v2\/product_cat?post=244247"},{"taxonomy":"product_tag","embeddable":true,"href":"https:\/\/irankiuzona.lt\/ru\/wp-json\/wp\/v2\/product_tag?post=244247"}],"curies":[{"name":"wp","href":"https:\/\/api.w.org\/{rel}","templated":true}]}}