{"id":244270,"date":"2024-09-29T06:50:48","date_gmt":"2024-09-29T06:50:48","guid":{"rendered":"https:\/\/irankiuzona.lt\/product\/irankiu-vezimelis-7-stalciu-be-irankiu\/"},"modified":"2026-05-16T22:00:58","modified_gmt":"2026-05-16T22:00:58","slug":"irankiu-vezimelis-7-stalciu-be-irankiu","status":"publish","type":"product","link":"https:\/\/irankiuzona.lt\/ru\/product\/irankiu-vezimelis-7-stalciu-be-irankiu\/","title":{"rendered":"\u012eranki\u0173 ve\u017eim\u0117lis 7 stal\u010di\u0173 \/ be \u012franki\u0173"},"content":{"rendered":"<p>Dydis: 770x460x910 mm (su ratukais)6 stal\u010diai: 550x400x75 mm1 stal\u010dius: 550x400x154 mm<\/p>\n<p>7 retractable drawers: 6 drawers x 75 mm high and 1 drawer x 145 mm high;<br \/>\ndrawer guides with mechanism made of high-quality materials;<br \/>\nsafety interlock that protects against automatic pulling out of the drawer;<br \/>\n5&#215;1.25\u201d PVC wheels with ball bearings;<br \/>\nthe cabinet can be locked up against unintentional movement;<br \/>\nlocked with a key, 2 keys included;<br \/>\nmax load: 25 kg narrow drawer, 35 kg wide drawer;<br \/>\nperforated side walls enable using additional accessories;<br \/>\nreinforced-ABS top.<\/p>","protected":false},"excerpt":{"rendered":"<p>Tu\u0161\u010dia \u012franki\u0173 spintel\u0117 7 stal\u010di\u0173 \/ HOGERT technik<\/p>","protected":false},"featured_media":244272,"comment_status":"open","ping_status":"closed","template":"","meta":[],"product_cat":[9943],"product_tag":[9969],"class_list":{"0":"post-244270","1":"product","2":"type-product","3":"status-publish","4":"has-post-thumbnail","6":"product_brand-hogert-technik-vokietija","7":"product_cat-vezimeliai-irankiu-spintos","8":"product_tag-hogert-technik-vokietija","10":"first","11":"instock","12":"sale","13":"purchasable","14":"product-type-simple"},"jetpack_sharing_enabled":true,"_links":{"self":[{"href":"https:\/\/irankiuzona.lt\/ru\/wp-json\/wp\/v2\/product\/244270","targetHints":{"allow":["GET"]}}],"collection":[{"href":"https:\/\/irankiuzona.lt\/ru\/wp-json\/wp\/v2\/product"}],"about":[{"href":"https:\/\/irankiuzona.lt\/ru\/wp-json\/wp\/v2\/types\/product"}],"replies":[{"embeddable":true,"href":"https:\/\/irankiuzona.lt\/ru\/wp-json\/wp\/v2\/comments?post=244270"}],"version-history":[{"count":1,"href":"https:\/\/irankiuzona.lt\/ru\/wp-json\/wp\/v2\/product\/244270\/revisions"}],"predecessor-version":[{"id":416064,"href":"https:\/\/irankiuzona.lt\/ru\/wp-json\/wp\/v2\/product\/244270\/revisions\/416064"}],"wp:featuredmedia":[{"embeddable":true,"href":"https:\/\/irankiuzona.lt\/ru\/wp-json\/wp\/v2\/media\/244272"}],"wp:attachment":[{"href":"https:\/\/irankiuzona.lt\/ru\/wp-json\/wp\/v2\/media?parent=244270"}],"wp:term":[{"taxonomy":"product_cat","embeddable":true,"href":"https:\/\/irankiuzona.lt\/ru\/wp-json\/wp\/v2\/product_cat?post=244270"},{"taxonomy":"product_tag","embeddable":true,"href":"https:\/\/irankiuzona.lt\/ru\/wp-json\/wp\/v2\/product_tag?post=244270"}],"curies":[{"name":"wp","href":"https:\/\/api.w.org\/{rel}","templated":true}]}}