{"id":244306,"date":"2024-09-29T06:50:51","date_gmt":"2024-09-29T06:50:51","guid":{"rendered":"https:\/\/irankiuzona.lt\/product\/pistoletas-karstiems-klijams-20w-7-75-mm-hoegert-ht2c101\/"},"modified":"2026-04-10T13:04:44","modified_gmt":"2026-04-10T13:04:44","slug":"pistoletas-karstiems-klijams-20w-7-75-mm-hoegert-ht2c101","status":"publish","type":"product","link":"https:\/\/irankiuzona.lt\/ru\/product\/pistoletas-karstiems-klijams-20w-7-75-mm-hoegert-ht2c101\/","title":{"rendered":"Pistoletas kar\u0161tiems klijams 20W \/ 7-7,5 mm HOEGERT HT2C101"},"content":{"rendered":"<p>\u201eHoegert Technik\u201c yra modernus ir dinami\u0161kai besivystantis profesionali\u0173 rankini\u0173 \u012franki\u0173 gamintojas. M\u016bs\u0173 produktai buvo sukurti intensyviam naudojimui ypatingai reikliems klientams. Hoegert Technik &#8211; patikimumas ir ilgaam\u017ei\u0161kumas. Technin\u0117 charakteristika: &#8211; buitiniam naudojimui; &#8211; nominali galia 20 W; &#8211; \u012fmontuotas ergonomi\u0161kas jungiklis; &#8211; klij\u0173 lazdel\u0117ms, kuri\u0173 skersmuo 7\u20137,5 mm; &#8211; \u012fmontuotas keraminis kaitintuvas; &#8211; metalinis stovas.<\/p>","protected":false},"excerpt":{"rendered":"<p>Pistoletas kar\u0161tiems klijams 20W<\/p>","protected":false},"featured_media":244308,"comment_status":"open","ping_status":"open","template":"","meta":[],"product_cat":[9823],"product_tag":[9969],"class_list":{"0":"post-244306","1":"product","2":"type-product","3":"status-publish","4":"has-post-thumbnail","6":"product_brand-hogert-technik-vokietija","7":"product_cat-kliju-pistoletai-ir-klijai","8":"product_tag-hogert-technik-vokietija","10":"first","11":"instock","12":"purchasable","13":"product-type-simple"},"jetpack_sharing_enabled":true,"_links":{"self":[{"href":"https:\/\/irankiuzona.lt\/ru\/wp-json\/wp\/v2\/product\/244306","targetHints":{"allow":["GET"]}}],"collection":[{"href":"https:\/\/irankiuzona.lt\/ru\/wp-json\/wp\/v2\/product"}],"about":[{"href":"https:\/\/irankiuzona.lt\/ru\/wp-json\/wp\/v2\/types\/product"}],"replies":[{"embeddable":true,"href":"https:\/\/irankiuzona.lt\/ru\/wp-json\/wp\/v2\/comments?post=244306"}],"version-history":[{"count":1,"href":"https:\/\/irankiuzona.lt\/ru\/wp-json\/wp\/v2\/product\/244306\/revisions"}],"predecessor-version":[{"id":416073,"href":"https:\/\/irankiuzona.lt\/ru\/wp-json\/wp\/v2\/product\/244306\/revisions\/416073"}],"wp:featuredmedia":[{"embeddable":true,"href":"https:\/\/irankiuzona.lt\/ru\/wp-json\/wp\/v2\/media\/244308"}],"wp:attachment":[{"href":"https:\/\/irankiuzona.lt\/ru\/wp-json\/wp\/v2\/media?parent=244306"}],"wp:term":[{"taxonomy":"product_cat","embeddable":true,"href":"https:\/\/irankiuzona.lt\/ru\/wp-json\/wp\/v2\/product_cat?post=244306"},{"taxonomy":"product_tag","embeddable":true,"href":"https:\/\/irankiuzona.lt\/ru\/wp-json\/wp\/v2\/product_tag?post=244306"}],"curies":[{"name":"wp","href":"https:\/\/api.w.org\/{rel}","templated":true}]}}