{"id":244352,"date":"2024-09-29T06:50:55","date_gmt":"2024-09-29T06:50:55","guid":{"rendered":"https:\/\/irankiuzona.lt\/product\/galvute-1-2-12mm-ilga-6-kampe-2\/"},"modified":"2026-04-17T05:34:24","modified_gmt":"2026-04-17T05:34:24","slug":"galvute-1-2-12mm-ilga-6-kampe-2","status":"publish","type":"product","link":"https:\/\/irankiuzona.lt\/ru\/product\/galvute-1-2-12mm-ilga-6-kampe-2\/","title":{"rendered":"Galvut\u0117 1\/2&#8221; 12mm ilga \/ 6-kamp\u0117"},"content":{"rendered":"<p>size 1\/2\u201d;made from high quality CrV50BV30 alloy steel;long version;deformation resistant;drop-forged.<\/p>","protected":false},"excerpt":{"rendered":"<p>Ilga galvut\u0117 12mm 1\/2 \u0161e\u0161iakamp\u0117 prailginta CrV<\/p>","protected":false},"featured_media":244354,"comment_status":"open","ping_status":"open","template":"","meta":[],"product_cat":[9470],"product_tag":[9969],"class_list":{"0":"post-244352","1":"product","2":"type-product","3":"status-publish","4":"has-post-thumbnail","6":"product_brand-hogert-technik-vokietija","7":"product_cat-1-2-125-mm-sesiakampes-galvutes","8":"product_tag-hogert-technik-vokietija","10":"first","11":"instock","12":"purchasable","13":"product-type-simple"},"jetpack_sharing_enabled":true,"_links":{"self":[{"href":"https:\/\/irankiuzona.lt\/ru\/wp-json\/wp\/v2\/product\/244352","targetHints":{"allow":["GET"]}}],"collection":[{"href":"https:\/\/irankiuzona.lt\/ru\/wp-json\/wp\/v2\/product"}],"about":[{"href":"https:\/\/irankiuzona.lt\/ru\/wp-json\/wp\/v2\/types\/product"}],"replies":[{"embeddable":true,"href":"https:\/\/irankiuzona.lt\/ru\/wp-json\/wp\/v2\/comments?post=244352"}],"version-history":[{"count":1,"href":"https:\/\/irankiuzona.lt\/ru\/wp-json\/wp\/v2\/product\/244352\/revisions"}],"predecessor-version":[{"id":416089,"href":"https:\/\/irankiuzona.lt\/ru\/wp-json\/wp\/v2\/product\/244352\/revisions\/416089"}],"wp:featuredmedia":[{"embeddable":true,"href":"https:\/\/irankiuzona.lt\/ru\/wp-json\/wp\/v2\/media\/244354"}],"wp:attachment":[{"href":"https:\/\/irankiuzona.lt\/ru\/wp-json\/wp\/v2\/media?parent=244352"}],"wp:term":[{"taxonomy":"product_cat","embeddable":true,"href":"https:\/\/irankiuzona.lt\/ru\/wp-json\/wp\/v2\/product_cat?post=244352"},{"taxonomy":"product_tag","embeddable":true,"href":"https:\/\/irankiuzona.lt\/ru\/wp-json\/wp\/v2\/product_tag?post=244352"}],"curies":[{"name":"wp","href":"https:\/\/api.w.org\/{rel}","templated":true}]}}