{"id":244391,"date":"2024-09-29T06:51:02","date_gmt":"2024-09-29T06:51:02","guid":{"rendered":"https:\/\/irankiuzona.lt\/product\/galvute-1-2-8mm-ilga-6-kampe\/"},"modified":"2026-04-20T20:04:50","modified_gmt":"2026-04-20T20:04:50","slug":"galvute-1-2-8mm-ilga-6-kampe","status":"publish","type":"product","link":"https:\/\/irankiuzona.lt\/ru\/product\/galvute-1-2-8mm-ilga-6-kampe\/","title":{"rendered":"Galvut\u0117 1\/2&#8221; 8mm ilga \/ 6-kamp\u0117"},"content":{"rendered":"<p>size 1\/2\u201d;<br \/>\nmade from high quality CrV50BV30 alloy steel;<br \/>\nlong version;<br \/>\ndeformation resistant;<br \/>\ndrop-forged.<\/p>","protected":false},"excerpt":{"rendered":"<p>Ilga galvut\u0117 8mm 1\/2 \u0161e\u0161iakamp\u0117 prailginta CrV<\/p>","protected":false},"featured_media":244393,"comment_status":"open","ping_status":"open","template":"","meta":[],"product_cat":[9470],"product_tag":[9969],"class_list":{"0":"post-244391","1":"product","2":"type-product","3":"status-publish","4":"has-post-thumbnail","6":"product_brand-hogert-technik-vokietija","7":"product_cat-1-2-125-mm-sesiakampes-galvutes","8":"product_tag-hogert-technik-vokietija","10":"first","11":"instock","12":"purchasable","13":"product-type-simple"},"jetpack_sharing_enabled":true,"_links":{"self":[{"href":"https:\/\/irankiuzona.lt\/ru\/wp-json\/wp\/v2\/product\/244391","targetHints":{"allow":["GET"]}}],"collection":[{"href":"https:\/\/irankiuzona.lt\/ru\/wp-json\/wp\/v2\/product"}],"about":[{"href":"https:\/\/irankiuzona.lt\/ru\/wp-json\/wp\/v2\/types\/product"}],"replies":[{"embeddable":true,"href":"https:\/\/irankiuzona.lt\/ru\/wp-json\/wp\/v2\/comments?post=244391"}],"version-history":[{"count":1,"href":"https:\/\/irankiuzona.lt\/ru\/wp-json\/wp\/v2\/product\/244391\/revisions"}],"predecessor-version":[{"id":416102,"href":"https:\/\/irankiuzona.lt\/ru\/wp-json\/wp\/v2\/product\/244391\/revisions\/416102"}],"wp:featuredmedia":[{"embeddable":true,"href":"https:\/\/irankiuzona.lt\/ru\/wp-json\/wp\/v2\/media\/244393"}],"wp:attachment":[{"href":"https:\/\/irankiuzona.lt\/ru\/wp-json\/wp\/v2\/media?parent=244391"}],"wp:term":[{"taxonomy":"product_cat","embeddable":true,"href":"https:\/\/irankiuzona.lt\/ru\/wp-json\/wp\/v2\/product_cat?post=244391"},{"taxonomy":"product_tag","embeddable":true,"href":"https:\/\/irankiuzona.lt\/ru\/wp-json\/wp\/v2\/product_tag?post=244391"}],"curies":[{"name":"wp","href":"https:\/\/api.w.org\/{rel}","templated":true}]}}