{"id":244493,"date":"2024-09-29T07:00:15","date_gmt":"2024-09-29T07:00:15","guid":{"rendered":"https:\/\/irankiuzona.lt\/product\/perforatorius-makita-hr2630tj-sds-su-keiciamu-griebtuvu\/"},"modified":"2024-10-19T00:22:43","modified_gmt":"2024-10-19T00:22:43","slug":"perforatorius-makita-hr2630tj-sds-su-keiciamu-griebtuvu","status":"publish","type":"product","link":"https:\/\/irankiuzona.lt\/ru\/product\/perforatorius-makita-hr2630tj-sds-su-keiciamu-griebtuvu\/","title":{"rendered":"Perforatorius MAKITA HR2630TJ SDS+ su kei\u010diamu griebtuvu"},"content":{"rendered":"<p>Atbulin\u0117s eigos sistema, prailgina anglini\u0173 \u0161epet\u0117li\u0173 eksploatavimo laik\u0105 ir nesuma\u017eina galios dirbant atbuline eiga.\u00a0<br \/>\nErgonomi\u0161ka gumuota rankena.\u00a0<br \/>\nGr\u0119\u017eiamos skyl\u0117s dydis betone: 26 mm.<br \/>\nDarbo re\u017eimo pakeitimo jungiklis, esantis korpuso apa\u010dioje, apsaugotas nuo pa\u017eeidim\u0173.\u00a0<br \/>\nSDS griebtuvas \u2013 paprasta \u012fd\u0117ti ir i\u0161imti gr\u0105\u017et\u0105 arba kalt\u0105.\u00a0<br \/>\nApsuk\u0173 skai\u010dius 0-1200 aps.\/min.Svoris 3,0 kgGr\u0119\u017eiamos skyl\u0117s skersmuo pliene 13 mmGr\u0119\u017eiamos skyl\u0117s skersmuo medienoje 32 mmGr\u0119\u017eiamos skyl\u0117s skersmuo betone 26 mmGriebtuvas SDS PlusGalingumas 800 WSm\u016bgi\u0173 skai\u010dius 0-4600 sm.\/min.Sm\u016bgio j\u0117ga 2,4 JTipas Trij\u0173 funkcij\u0173 perforatoriai<\/p>","protected":false},"excerpt":{"rendered":"<p>Perforatorius MAKITA HR2630TJ SDS+ su kei\u010diamu griebtuvu<\/p>","protected":false},"featured_media":244495,"comment_status":"open","ping_status":"open","template":"","meta":[],"product_cat":[9894],"product_tag":[10042],"class_list":{"0":"post-244493","1":"product","2":"type-product","3":"status-publish","4":"has-post-thumbnail","6":"product_brand-makita-profesionalus-elektriniai-irankiai","7":"product_cat-smuginiai-greztuvai-perforatoriai","8":"product_tag-makita-profesionalus-elektriniai-irankiai","10":"first","11":"outofstock","12":"purchasable","13":"product-type-simple"},"jetpack_sharing_enabled":true,"_links":{"self":[{"href":"https:\/\/irankiuzona.lt\/ru\/wp-json\/wp\/v2\/product\/244493","targetHints":{"allow":["GET"]}}],"collection":[{"href":"https:\/\/irankiuzona.lt\/ru\/wp-json\/wp\/v2\/product"}],"about":[{"href":"https:\/\/irankiuzona.lt\/ru\/wp-json\/wp\/v2\/types\/product"}],"replies":[{"embeddable":true,"href":"https:\/\/irankiuzona.lt\/ru\/wp-json\/wp\/v2\/comments?post=244493"}],"version-history":[{"count":0,"href":"https:\/\/irankiuzona.lt\/ru\/wp-json\/wp\/v2\/product\/244493\/revisions"}],"wp:featuredmedia":[{"embeddable":true,"href":"https:\/\/irankiuzona.lt\/ru\/wp-json\/wp\/v2\/media\/244495"}],"wp:attachment":[{"href":"https:\/\/irankiuzona.lt\/ru\/wp-json\/wp\/v2\/media?parent=244493"}],"wp:term":[{"taxonomy":"product_cat","embeddable":true,"href":"https:\/\/irankiuzona.lt\/ru\/wp-json\/wp\/v2\/product_cat?post=244493"},{"taxonomy":"product_tag","embeddable":true,"href":"https:\/\/irankiuzona.lt\/ru\/wp-json\/wp\/v2\/product_tag?post=244493"}],"curies":[{"name":"wp","href":"https:\/\/api.w.org\/{rel}","templated":true}]}}