{"id":244535,"date":"2024-09-29T07:00:20","date_gmt":"2024-09-29T07:00:20","guid":{"rendered":"https:\/\/irankiuzona.lt\/product\/galvu-komplektas-purkstukams-cdi-psa\/"},"modified":"2026-02-21T02:45:36","modified_gmt":"2026-02-21T02:45:36","slug":"galvu-komplektas-purkstukams-cdi-psa","status":"publish","type":"product","link":"https:\/\/irankiuzona.lt\/ru\/product\/galvu-komplektas-purkstukams-cdi-psa\/","title":{"rendered":"Galv\u0173 komplektas purk\u0161tukams \/ CDi PSA"},"content":{"rendered":"<p>Komplekte: 25mm &#8211; 27mm &#8211; 29mm &#8211; 30mmCITRO\u00cbN, PEUGEOT<\/p>","protected":false},"excerpt":{"rendered":"<p>Galv\u0173 komplektas su i\u0161pjova purk\u0161tukams \/ 25-30 mm<\/p>","protected":false},"featured_media":244537,"comment_status":"open","ping_status":"open","template":"","meta":[],"product_cat":[9633],"product_tag":[9462],"class_list":{"0":"post-244535","1":"product","2":"type-product","3":"status-publish","4":"has-post-thumbnail","6":"product_brand-condor-werkzeug-vokietija","7":"product_cat-galvutes-purkstukams","8":"product_tag-condor-werkzeug-vokietija","10":"first","11":"outofstock","12":"purchasable","13":"product-type-simple"},"jetpack_sharing_enabled":true,"_links":{"self":[{"href":"https:\/\/irankiuzona.lt\/ru\/wp-json\/wp\/v2\/product\/244535","targetHints":{"allow":["GET"]}}],"collection":[{"href":"https:\/\/irankiuzona.lt\/ru\/wp-json\/wp\/v2\/product"}],"about":[{"href":"https:\/\/irankiuzona.lt\/ru\/wp-json\/wp\/v2\/types\/product"}],"replies":[{"embeddable":true,"href":"https:\/\/irankiuzona.lt\/ru\/wp-json\/wp\/v2\/comments?post=244535"}],"version-history":[{"count":1,"href":"https:\/\/irankiuzona.lt\/ru\/wp-json\/wp\/v2\/product\/244535\/revisions"}],"predecessor-version":[{"id":416149,"href":"https:\/\/irankiuzona.lt\/ru\/wp-json\/wp\/v2\/product\/244535\/revisions\/416149"}],"wp:featuredmedia":[{"embeddable":true,"href":"https:\/\/irankiuzona.lt\/ru\/wp-json\/wp\/v2\/media\/244537"}],"wp:attachment":[{"href":"https:\/\/irankiuzona.lt\/ru\/wp-json\/wp\/v2\/media?parent=244535"}],"wp:term":[{"taxonomy":"product_cat","embeddable":true,"href":"https:\/\/irankiuzona.lt\/ru\/wp-json\/wp\/v2\/product_cat?post=244535"},{"taxonomy":"product_tag","embeddable":true,"href":"https:\/\/irankiuzona.lt\/ru\/wp-json\/wp\/v2\/product_tag?post=244535"}],"curies":[{"name":"wp","href":"https:\/\/api.w.org\/{rel}","templated":true}]}}