{"id":244754,"date":"2024-09-29T07:00:42","date_gmt":"2024-09-29T07:00:42","guid":{"rendered":"https:\/\/irankiuzona.lt\/product\/karterio-isleidimo-varztu-remonto-kompl-114daliu\/"},"modified":"2026-04-13T13:16:18","modified_gmt":"2026-04-13T13:16:18","slug":"karterio-isleidimo-varztu-remonto-kompl-114daliu","status":"publish","type":"product","link":"https:\/\/irankiuzona.lt\/ru\/product\/karterio-isleidimo-varztu-remonto-kompl-114daliu\/","title":{"rendered":"Karterio i\u0161leidimo var\u017et\u0173 remonto kompl. \/ 114dali\u0173"},"content":{"rendered":"<p>1x tap M13 x 1.25P1x tap M13 x 1.5p1x tap M15 x 1.5p1x tap M17 x 1.5p1x tap M20 x 1.5p1x tap M22 x 1.5p6x plug M13 x 1.256x stopper M13 x 1.56x stopper M15 x 1.56x stopper M17 x 1.56x stopper M20 x 1.56x stopper M22 x 1.524x aluminum washers M1312x aluminum washers M1512x aluminum washers M1712x aluminum washers M2012x aluminum washers M22<\/p>","protected":false},"excerpt":{"rendered":"<p>Karterio i\u0161leidimo var\u017et\u0173 sriegio remonto komplektas \/ 114dali\u0173<\/p>","protected":false},"featured_media":244756,"comment_status":"open","ping_status":"open","template":"","meta":[],"product_cat":[9655],"product_tag":[9435],"class_list":{"0":"post-244754","1":"product","2":"type-product","3":"status-publish","4":"has-post-thumbnail","6":"product_brand-kinija","7":"product_cat-sugadintam-karterio-sriegiui","8":"product_tag-kinija","10":"first","11":"outofstock","12":"purchasable","13":"product-type-simple"},"jetpack_sharing_enabled":true,"_links":{"self":[{"href":"https:\/\/irankiuzona.lt\/ru\/wp-json\/wp\/v2\/product\/244754","targetHints":{"allow":["GET"]}}],"collection":[{"href":"https:\/\/irankiuzona.lt\/ru\/wp-json\/wp\/v2\/product"}],"about":[{"href":"https:\/\/irankiuzona.lt\/ru\/wp-json\/wp\/v2\/types\/product"}],"replies":[{"embeddable":true,"href":"https:\/\/irankiuzona.lt\/ru\/wp-json\/wp\/v2\/comments?post=244754"}],"version-history":[{"count":1,"href":"https:\/\/irankiuzona.lt\/ru\/wp-json\/wp\/v2\/product\/244754\/revisions"}],"predecessor-version":[{"id":416211,"href":"https:\/\/irankiuzona.lt\/ru\/wp-json\/wp\/v2\/product\/244754\/revisions\/416211"}],"wp:featuredmedia":[{"embeddable":true,"href":"https:\/\/irankiuzona.lt\/ru\/wp-json\/wp\/v2\/media\/244756"}],"wp:attachment":[{"href":"https:\/\/irankiuzona.lt\/ru\/wp-json\/wp\/v2\/media?parent=244754"}],"wp:term":[{"taxonomy":"product_cat","embeddable":true,"href":"https:\/\/irankiuzona.lt\/ru\/wp-json\/wp\/v2\/product_cat?post=244754"},{"taxonomy":"product_tag","embeddable":true,"href":"https:\/\/irankiuzona.lt\/ru\/wp-json\/wp\/v2\/product_tag?post=244754"}],"curies":[{"name":"wp","href":"https:\/\/api.w.org\/{rel}","templated":true}]}}