{"id":244935,"date":"2024-09-29T07:01:01","date_gmt":"2024-09-29T07:01:01","guid":{"rendered":"https:\/\/irankiuzona.lt\/product\/sesiakampis-hex-h24-3-4-antgalis-crmo\/"},"modified":"2026-03-28T11:57:09","modified_gmt":"2026-03-28T11:57:09","slug":"sesiakampis-hex-h24-3-4-antgalis-crmo","status":"publish","type":"product","link":"https:\/\/irankiuzona.lt\/ru\/product\/sesiakampis-hex-h24-3-4-antgalis-crmo\/","title":{"rendered":"\u0160e\u0161iakampis HEX H24 3\/4 antgalis CrMo"},"content":{"rendered":"","protected":false},"excerpt":{"rendered":"<p>\u0160e\u0161iakampis sm\u016bginis HEX antgalis H24x80mm 3\/4&#8221; CrMo<\/p>","protected":false},"featured_media":244937,"comment_status":"open","ping_status":"open","template":"","meta":[],"product_cat":[9784],"product_tag":[9778],"class_list":{"0":"post-244935","1":"product","2":"type-product","3":"status-publish","4":"has-post-thumbnail","6":"product_brand-triumf-professional-tools-slovakija","7":"product_cat-3-4-hex-ir-spline-antgaliai","8":"product_tag-triumf-professional-tools-slovakija","10":"first","11":"outofstock","12":"purchasable","13":"product-type-simple"},"jetpack_sharing_enabled":true,"_links":{"self":[{"href":"https:\/\/irankiuzona.lt\/ru\/wp-json\/wp\/v2\/product\/244935","targetHints":{"allow":["GET"]}}],"collection":[{"href":"https:\/\/irankiuzona.lt\/ru\/wp-json\/wp\/v2\/product"}],"about":[{"href":"https:\/\/irankiuzona.lt\/ru\/wp-json\/wp\/v2\/types\/product"}],"replies":[{"embeddable":true,"href":"https:\/\/irankiuzona.lt\/ru\/wp-json\/wp\/v2\/comments?post=244935"}],"version-history":[{"count":1,"href":"https:\/\/irankiuzona.lt\/ru\/wp-json\/wp\/v2\/product\/244935\/revisions"}],"predecessor-version":[{"id":416271,"href":"https:\/\/irankiuzona.lt\/ru\/wp-json\/wp\/v2\/product\/244935\/revisions\/416271"}],"wp:featuredmedia":[{"embeddable":true,"href":"https:\/\/irankiuzona.lt\/ru\/wp-json\/wp\/v2\/media\/244937"}],"wp:attachment":[{"href":"https:\/\/irankiuzona.lt\/ru\/wp-json\/wp\/v2\/media?parent=244935"}],"wp:term":[{"taxonomy":"product_cat","embeddable":true,"href":"https:\/\/irankiuzona.lt\/ru\/wp-json\/wp\/v2\/product_cat?post=244935"},{"taxonomy":"product_tag","embeddable":true,"href":"https:\/\/irankiuzona.lt\/ru\/wp-json\/wp\/v2\/product_tag?post=244935"}],"curies":[{"name":"wp","href":"https:\/\/api.w.org\/{rel}","templated":true}]}}