{"id":244953,"date":"2024-09-29T07:01:03","date_gmt":"2024-09-29T07:01:03","guid":{"rendered":"https:\/\/irankiuzona.lt\/product\/irankiu-vezimelis-su-ratukais\/"},"modified":"2026-03-03T08:46:02","modified_gmt":"2026-03-03T08:46:02","slug":"irankiu-vezimelis-su-ratukais","status":"publish","type":"product","link":"https:\/\/irankiuzona.lt\/ru\/product\/irankiu-vezimelis-su-ratukais\/","title":{"rendered":"\u012eranki\u0173 ve\u017eim\u0117lis su ratukais"},"content":{"rendered":"<p>Spalva gali skirtis nuo pavaizduotos nuotraukoje.Matmenys 719 x 365 x 663 mmMatmenys su ratukais 719 x 365 x 780 mmLentynos 719 x 365 x 85 mmSvoris 13.0 kg<\/p>","protected":false},"excerpt":{"rendered":"<p>\u012eranki\u0173 ve\u017eim\u0117lis 3 lentyn\u0173 su ratukais<\/p>","protected":false},"featured_media":244955,"comment_status":"open","ping_status":"open","template":"","meta":[],"product_cat":[10048],"product_tag":[9435],"class_list":{"0":"post-244953","1":"product","2":"type-product","3":"status-publish","4":"has-post-thumbnail","6":"product_brand-kinija","7":"product_cat-vezimeliai-su-ratukais-su-lentynomis","8":"product_tag-kinija","10":"first","11":"outofstock","12":"purchasable","13":"product-type-simple"},"jetpack_sharing_enabled":true,"_links":{"self":[{"href":"https:\/\/irankiuzona.lt\/ru\/wp-json\/wp\/v2\/product\/244953","targetHints":{"allow":["GET"]}}],"collection":[{"href":"https:\/\/irankiuzona.lt\/ru\/wp-json\/wp\/v2\/product"}],"about":[{"href":"https:\/\/irankiuzona.lt\/ru\/wp-json\/wp\/v2\/types\/product"}],"replies":[{"embeddable":true,"href":"https:\/\/irankiuzona.lt\/ru\/wp-json\/wp\/v2\/comments?post=244953"}],"version-history":[{"count":0,"href":"https:\/\/irankiuzona.lt\/ru\/wp-json\/wp\/v2\/product\/244953\/revisions"}],"wp:featuredmedia":[{"embeddable":true,"href":"https:\/\/irankiuzona.lt\/ru\/wp-json\/wp\/v2\/media\/244955"}],"wp:attachment":[{"href":"https:\/\/irankiuzona.lt\/ru\/wp-json\/wp\/v2\/media?parent=244953"}],"wp:term":[{"taxonomy":"product_cat","embeddable":true,"href":"https:\/\/irankiuzona.lt\/ru\/wp-json\/wp\/v2\/product_cat?post=244953"},{"taxonomy":"product_tag","embeddable":true,"href":"https:\/\/irankiuzona.lt\/ru\/wp-json\/wp\/v2\/product_tag?post=244953"}],"curies":[{"name":"wp","href":"https:\/\/api.w.org\/{rel}","templated":true}]}}