{"id":245049,"date":"2024-09-29T07:10:13","date_gmt":"2024-09-29T07:10:13","guid":{"rendered":"https:\/\/irankiuzona.lt\/product\/nuluzusiu-varztu-issukeju-komplektas-m3-m24-hogert-ht8g400\/"},"modified":"2026-04-13T13:16:30","modified_gmt":"2026-04-13T13:16:30","slug":"nuluzusiu-varztu-issukeju-komplektas-m3-m24-hogert-ht8g400","status":"publish","type":"product","link":"https:\/\/irankiuzona.lt\/ru\/product\/nuluzusiu-varztu-issukeju-komplektas-m3-m24-hogert-ht8g400\/","title":{"rendered":"Nul\u016b\u017eusi\u0173 var\u017et\u0173 i\u0161suk\u0117j\u0173 komplektas \/ M3-M24, HOGERT HT8G400"},"content":{"rendered":"<p>6 gr\u0105\u017etai: 2, 3, 4, 5, 7, 10 mm<br \/>\n6 i\u0161suk\u0117jai: M3-M6 \/ M6-M8 \/ M8-M10 \/ M11-M14 \/ M14-M18 \/ M18-M24<\/p>","protected":false},"excerpt":{"rendered":"<p>Nul\u016b\u017eusi\u0173 var\u017et\u0173 i\u0161suk\u0117j\u0173 komplektas \/ M3-M24<\/p>","protected":false},"featured_media":245051,"comment_status":"open","ping_status":"open","template":"","meta":[],"product_cat":[9557],"product_tag":[9969],"class_list":{"0":"post-245049","1":"product","2":"type-product","3":"status-publish","4":"has-post-thumbnail","6":"product_brand-hogert-technik-vokietija","7":"product_cat-nulauztu-varztu-issukimo-irankiai","8":"product_tag-hogert-technik-vokietija","10":"first","11":"instock","12":"purchasable","13":"product-type-simple"},"jetpack_sharing_enabled":true,"_links":{"self":[{"href":"https:\/\/irankiuzona.lt\/ru\/wp-json\/wp\/v2\/product\/245049","targetHints":{"allow":["GET"]}}],"collection":[{"href":"https:\/\/irankiuzona.lt\/ru\/wp-json\/wp\/v2\/product"}],"about":[{"href":"https:\/\/irankiuzona.lt\/ru\/wp-json\/wp\/v2\/types\/product"}],"replies":[{"embeddable":true,"href":"https:\/\/irankiuzona.lt\/ru\/wp-json\/wp\/v2\/comments?post=245049"}],"version-history":[{"count":1,"href":"https:\/\/irankiuzona.lt\/ru\/wp-json\/wp\/v2\/product\/245049\/revisions"}],"predecessor-version":[{"id":416307,"href":"https:\/\/irankiuzona.lt\/ru\/wp-json\/wp\/v2\/product\/245049\/revisions\/416307"}],"wp:featuredmedia":[{"embeddable":true,"href":"https:\/\/irankiuzona.lt\/ru\/wp-json\/wp\/v2\/media\/245051"}],"wp:attachment":[{"href":"https:\/\/irankiuzona.lt\/ru\/wp-json\/wp\/v2\/media?parent=245049"}],"wp:term":[{"taxonomy":"product_cat","embeddable":true,"href":"https:\/\/irankiuzona.lt\/ru\/wp-json\/wp\/v2\/product_cat?post=245049"},{"taxonomy":"product_tag","embeddable":true,"href":"https:\/\/irankiuzona.lt\/ru\/wp-json\/wp\/v2\/product_tag?post=245049"}],"curies":[{"name":"wp","href":"https:\/\/api.w.org\/{rel}","templated":true}]}}