{"id":245052,"date":"2024-09-29T07:10:13","date_gmt":"2024-09-29T07:10:13","guid":{"rendered":"https:\/\/irankiuzona.lt\/product\/nuluzusiu-varztu-issukeju-kompl-m3-m25\/"},"modified":"2026-04-15T10:28:48","modified_gmt":"2026-04-15T10:28:48","slug":"nuluzusiu-varztu-issukeju-kompl-m3-m25","status":"publish","type":"product","link":"https:\/\/irankiuzona.lt\/ru\/product\/nuluzusiu-varztu-issukeju-kompl-m3-m25\/","title":{"rendered":"Nul\u016b\u017eusi\u0173 var\u017et\u0173 i\u0161suk\u0117j\u0173 kompl. \/ M3-M25"},"content":{"rendered":"<p>M3-M6 \/ M6-M8 \/ M8-M11 \/ M11-M14 \/ M14-M18 \/ M18-M25.<\/p>","protected":false},"excerpt":{"rendered":"<p>Nul\u016b\u017eusi\u0173 var\u017et\u0173 i\u0161suk\u0117j\u0173 komplektas \/ M3-M25<\/p>","protected":false},"featured_media":245054,"comment_status":"open","ping_status":"open","template":"","meta":[],"product_cat":[9557],"product_tag":[9969],"class_list":{"0":"post-245052","1":"product","2":"type-product","3":"status-publish","4":"has-post-thumbnail","6":"product_brand-hogert-technik-vokietija","7":"product_cat-nulauztu-varztu-issukimo-irankiai","8":"product_tag-hogert-technik-vokietija","10":"first","11":"instock","12":"purchasable","13":"product-type-simple"},"jetpack_sharing_enabled":true,"_links":{"self":[{"href":"https:\/\/irankiuzona.lt\/ru\/wp-json\/wp\/v2\/product\/245052","targetHints":{"allow":["GET"]}}],"collection":[{"href":"https:\/\/irankiuzona.lt\/ru\/wp-json\/wp\/v2\/product"}],"about":[{"href":"https:\/\/irankiuzona.lt\/ru\/wp-json\/wp\/v2\/types\/product"}],"replies":[{"embeddable":true,"href":"https:\/\/irankiuzona.lt\/ru\/wp-json\/wp\/v2\/comments?post=245052"}],"version-history":[{"count":1,"href":"https:\/\/irankiuzona.lt\/ru\/wp-json\/wp\/v2\/product\/245052\/revisions"}],"predecessor-version":[{"id":416308,"href":"https:\/\/irankiuzona.lt\/ru\/wp-json\/wp\/v2\/product\/245052\/revisions\/416308"}],"wp:featuredmedia":[{"embeddable":true,"href":"https:\/\/irankiuzona.lt\/ru\/wp-json\/wp\/v2\/media\/245054"}],"wp:attachment":[{"href":"https:\/\/irankiuzona.lt\/ru\/wp-json\/wp\/v2\/media?parent=245052"}],"wp:term":[{"taxonomy":"product_cat","embeddable":true,"href":"https:\/\/irankiuzona.lt\/ru\/wp-json\/wp\/v2\/product_cat?post=245052"},{"taxonomy":"product_tag","embeddable":true,"href":"https:\/\/irankiuzona.lt\/ru\/wp-json\/wp\/v2\/product_tag?post=245052"}],"curies":[{"name":"wp","href":"https:\/\/api.w.org\/{rel}","templated":true}]}}