{"id":245061,"date":"2024-09-29T07:10:14","date_gmt":"2024-09-29T07:10:14","guid":{"rendered":"https:\/\/irankiuzona.lt\/product\/rutuliniu-jungciu-nuemejas-19-45mm\/"},"modified":"2026-05-06T18:40:15","modified_gmt":"2026-05-06T18:40:15","slug":"rutuliniu-jungciu-nuemejas-19-45mm","status":"publish","type":"product","link":"https:\/\/irankiuzona.lt\/ru\/product\/rutuliniu-jungciu-nuemejas-19-45mm\/","title":{"rendered":"Rutulini\u0173 jung\u010di\u0173 nu\u0117m\u0117jas 19\/45mm"},"content":{"rendered":"<p>45 x 19 mm<\/p>","protected":false},"excerpt":{"rendered":"<p>Rutulini\u0173 jung\u010di\u0173 nu\u0117m\u0117jas 19\/45mm<\/p>","protected":false},"featured_media":245063,"comment_status":"open","ping_status":"open","template":"","meta":[],"product_cat":[9528],"product_tag":[9969],"class_list":{"0":"post-245061","1":"product","2":"type-product","3":"status-publish","4":"has-post-thumbnail","6":"product_brand-hogert-technik-vokietija","7":"product_cat-vairo-traukiu-irankiai","8":"product_tag-hogert-technik-vokietija","10":"first","11":"instock","12":"purchasable","13":"product-type-simple"},"jetpack_sharing_enabled":true,"_links":{"self":[{"href":"https:\/\/irankiuzona.lt\/ru\/wp-json\/wp\/v2\/product\/245061","targetHints":{"allow":["GET"]}}],"collection":[{"href":"https:\/\/irankiuzona.lt\/ru\/wp-json\/wp\/v2\/product"}],"about":[{"href":"https:\/\/irankiuzona.lt\/ru\/wp-json\/wp\/v2\/types\/product"}],"replies":[{"embeddable":true,"href":"https:\/\/irankiuzona.lt\/ru\/wp-json\/wp\/v2\/comments?post=245061"}],"version-history":[{"count":1,"href":"https:\/\/irankiuzona.lt\/ru\/wp-json\/wp\/v2\/product\/245061\/revisions"}],"predecessor-version":[{"id":416311,"href":"https:\/\/irankiuzona.lt\/ru\/wp-json\/wp\/v2\/product\/245061\/revisions\/416311"}],"wp:featuredmedia":[{"embeddable":true,"href":"https:\/\/irankiuzona.lt\/ru\/wp-json\/wp\/v2\/media\/245063"}],"wp:attachment":[{"href":"https:\/\/irankiuzona.lt\/ru\/wp-json\/wp\/v2\/media?parent=245061"}],"wp:term":[{"taxonomy":"product_cat","embeddable":true,"href":"https:\/\/irankiuzona.lt\/ru\/wp-json\/wp\/v2\/product_cat?post=245061"},{"taxonomy":"product_tag","embeddable":true,"href":"https:\/\/irankiuzona.lt\/ru\/wp-json\/wp\/v2\/product_tag?post=245061"}],"curies":[{"name":"wp","href":"https:\/\/api.w.org\/{rel}","templated":true}]}}