{"id":245130,"date":"2024-09-29T07:10:20","date_gmt":"2024-09-29T07:10:20","guid":{"rendered":"https:\/\/irankiuzona.lt\/product\/profesionalus-irankiu-komplektas-vag-pakabos-remontui-luzusiam-varztui\/"},"modified":"2026-02-13T02:40:11","modified_gmt":"2026-02-13T02:40:11","slug":"profesionalus-irankiu-komplektas-vag-pakabos-remontui-luzusiam-varztui","status":"publish","type":"product","link":"https:\/\/irankiuzona.lt\/ru\/product\/profesionalus-irankiu-komplektas-vag-pakabos-remontui-luzusiam-varztui\/","title":{"rendered":"Profesionalus \u012franki\u0173 komplektas VAG pakabos remontui (l\u016b\u017eusiam var\u017etui)"},"content":{"rendered":"<p>Drilling-out kit vag 4-link clamping-bolt aluminium and metal frame, plus cleaning brushes and adaptorVIDEO \/ VAG var\u017eto i\u0161gr\u0119\u017eimo<\/p>","protected":false},"excerpt":{"rendered":"<p>Profesionalus \u012franki\u0173 komplektas VOLKSWAGEN pakabos remontui (var\u017etui) \/ PICHLER-91746100<\/p>","protected":false},"featured_media":245132,"comment_status":"open","ping_status":"open","template":"","meta":[],"product_cat":[9925],"product_tag":[9853],"class_list":{"0":"post-245130","1":"product","2":"type-product","3":"status-publish","4":"has-post-thumbnail","6":"product_brand-pichler-austrija","7":"product_cat-irankiai-vaziuokles-remontui","8":"product_tag-pichler-austrija","10":"first","11":"outofstock","12":"purchasable","13":"product-type-simple"},"jetpack_sharing_enabled":true,"_links":{"self":[{"href":"https:\/\/irankiuzona.lt\/ru\/wp-json\/wp\/v2\/product\/245130","targetHints":{"allow":["GET"]}}],"collection":[{"href":"https:\/\/irankiuzona.lt\/ru\/wp-json\/wp\/v2\/product"}],"about":[{"href":"https:\/\/irankiuzona.lt\/ru\/wp-json\/wp\/v2\/types\/product"}],"replies":[{"embeddable":true,"href":"https:\/\/irankiuzona.lt\/ru\/wp-json\/wp\/v2\/comments?post=245130"}],"version-history":[{"count":1,"href":"https:\/\/irankiuzona.lt\/ru\/wp-json\/wp\/v2\/product\/245130\/revisions"}],"predecessor-version":[{"id":416328,"href":"https:\/\/irankiuzona.lt\/ru\/wp-json\/wp\/v2\/product\/245130\/revisions\/416328"}],"wp:featuredmedia":[{"embeddable":true,"href":"https:\/\/irankiuzona.lt\/ru\/wp-json\/wp\/v2\/media\/245132"}],"wp:attachment":[{"href":"https:\/\/irankiuzona.lt\/ru\/wp-json\/wp\/v2\/media?parent=245130"}],"wp:term":[{"taxonomy":"product_cat","embeddable":true,"href":"https:\/\/irankiuzona.lt\/ru\/wp-json\/wp\/v2\/product_cat?post=245130"},{"taxonomy":"product_tag","embeddable":true,"href":"https:\/\/irankiuzona.lt\/ru\/wp-json\/wp\/v2\/product_tag?post=245130"}],"curies":[{"name":"wp","href":"https:\/\/api.w.org\/{rel}","templated":true}]}}