{"id":245141,"date":"2024-09-29T07:10:20","date_gmt":"2024-09-29T07:10:20","guid":{"rendered":"https:\/\/irankiuzona.lt\/product\/propano-reduktorius-mini-bpo-5dm\/"},"modified":"2025-04-29T17:35:48","modified_gmt":"2025-04-29T17:35:48","slug":"propano-reduktorius-mini-bpo-5dm","status":"publish","type":"product","link":"https:\/\/irankiuzona.lt\/ru\/product\/propano-reduktorius-mini-bpo-5dm\/","title":{"rendered":"PROPANO REDUKTORIUS MINI BPO-5DM"},"content":{"rendered":"<p>Skirtas propano-butano duj\u0173 sl\u0117gio reguliavimui bei automatiniam nustatyto sl\u0117gio palaikymuiMax pralaidumas 5 m\u00b3\/hMax \u012feinan\u010di\u0173j\u0173 duj\u0173 sl\u0117gis 2.5 MPa (25 bar)Max darbinis duj\u0173 sl\u0117gis 0.3 MPa (3 bar)Sriegis ant baliono 21,8L14\u017darnos \u00f8 6 mm and \u00f8 9 mmStandartas GOST<\/p>","protected":false},"excerpt":{"rendered":"<p>PROPANO REDUKTORIUS MINI BPO-5DM \/ DONMET<\/p>","protected":false},"featured_media":245143,"comment_status":"open","ping_status":"open","template":"","meta":[],"product_cat":[9893],"product_tag":[],"class_list":{"0":"post-245141","1":"product","2":"type-product","3":"status-publish","4":"has-post-thumbnail","6":"product_cat-suvirinimo-iranga","8":"first","9":"outofstock","10":"purchasable","11":"product-type-simple"},"jetpack_sharing_enabled":true,"_links":{"self":[{"href":"https:\/\/irankiuzona.lt\/ru\/wp-json\/wp\/v2\/product\/245141","targetHints":{"allow":["GET"]}}],"collection":[{"href":"https:\/\/irankiuzona.lt\/ru\/wp-json\/wp\/v2\/product"}],"about":[{"href":"https:\/\/irankiuzona.lt\/ru\/wp-json\/wp\/v2\/types\/product"}],"replies":[{"embeddable":true,"href":"https:\/\/irankiuzona.lt\/ru\/wp-json\/wp\/v2\/comments?post=245141"}],"version-history":[{"count":0,"href":"https:\/\/irankiuzona.lt\/ru\/wp-json\/wp\/v2\/product\/245141\/revisions"}],"wp:featuredmedia":[{"embeddable":true,"href":"https:\/\/irankiuzona.lt\/ru\/wp-json\/wp\/v2\/media\/245143"}],"wp:attachment":[{"href":"https:\/\/irankiuzona.lt\/ru\/wp-json\/wp\/v2\/media?parent=245141"}],"wp:term":[{"taxonomy":"product_cat","embeddable":true,"href":"https:\/\/irankiuzona.lt\/ru\/wp-json\/wp\/v2\/product_cat?post=245141"},{"taxonomy":"product_tag","embeddable":true,"href":"https:\/\/irankiuzona.lt\/ru\/wp-json\/wp\/v2\/product_tag?post=245141"}],"curies":[{"name":"wp","href":"https:\/\/api.w.org\/{rel}","templated":true}]}}