{"id":245144,"date":"2024-09-29T07:10:21","date_gmt":"2024-09-29T07:10:21","guid":{"rendered":"https:\/\/irankiuzona.lt\/product\/tepalo-surinkimo-bakas-80l-su-issiurbimu\/"},"modified":"2026-04-14T23:04:50","modified_gmt":"2026-04-14T23:04:50","slug":"tepalo-surinkimo-bakas-80l-su-issiurbimu","status":"publish","type":"product","link":"https:\/\/irankiuzona.lt\/ru\/product\/tepalo-surinkimo-bakas-80l-su-issiurbimu\/","title":{"rendered":"Tepalo surinkimo bakas 80l su i\u0161siurbimu"},"content":{"rendered":"<p>Bendra talpa 80lOro \u012f\u0117jimo sl\u0117gis 6-8barI\u0161siurbimo sl\u0117gis 0.6-0.8barOro sunaudojimas 150l\/minI\u0161siurbimo \u017earnos L=1.5mRekomenduotina alyvos temperat\u016bra 40-60\u00b0CSvoris 21.5kgI\u0161traukimo vamzdelis:1vnt. Varinis \u00d85mm L=800mm (na\u0161umas 1.9l\/min)1vnt. Varinis \u00d86mm L=800mm (na\u0161umas 3.7l\/min)1vnt. PVC \u00d85mm L=800mm (na\u0161umas 1.0l\/min)1vnt. PVC \u00d86mm L=800mm (na\u0161umas 2.0l\/min)1vnt. PVC \u00d88mm L=800mm (na\u0161umas 6.5l\/min)1vnt. PVC \u00d87mm L=1000mm (na\u0161umas 3.7l\/min)<\/p>","protected":false},"excerpt":{"rendered":"<p>Tepalo surinkimo bakas 80l su i\u0161siurbimu ir i\u0161leidimu<\/p>","protected":false},"featured_media":245146,"comment_status":"open","ping_status":"open","template":"","meta":[],"product_cat":[10031],"product_tag":[9435],"class_list":{"0":"post-245144","1":"product","2":"type-product","3":"status-publish","4":"has-post-thumbnail","6":"product_brand-kinija","7":"product_cat-tepalo-uzpildymo-surinkimo-iranga-talpos-tepalams","8":"product_tag-kinija","10":"first","11":"outofstock","12":"purchasable","13":"product-type-simple"},"jetpack_sharing_enabled":true,"_links":{"self":[{"href":"https:\/\/irankiuzona.lt\/ru\/wp-json\/wp\/v2\/product\/245144","targetHints":{"allow":["GET"]}}],"collection":[{"href":"https:\/\/irankiuzona.lt\/ru\/wp-json\/wp\/v2\/product"}],"about":[{"href":"https:\/\/irankiuzona.lt\/ru\/wp-json\/wp\/v2\/types\/product"}],"replies":[{"embeddable":true,"href":"https:\/\/irankiuzona.lt\/ru\/wp-json\/wp\/v2\/comments?post=245144"}],"version-history":[{"count":1,"href":"https:\/\/irankiuzona.lt\/ru\/wp-json\/wp\/v2\/product\/245144\/revisions"}],"predecessor-version":[{"id":416330,"href":"https:\/\/irankiuzona.lt\/ru\/wp-json\/wp\/v2\/product\/245144\/revisions\/416330"}],"wp:featuredmedia":[{"embeddable":true,"href":"https:\/\/irankiuzona.lt\/ru\/wp-json\/wp\/v2\/media\/245146"}],"wp:attachment":[{"href":"https:\/\/irankiuzona.lt\/ru\/wp-json\/wp\/v2\/media?parent=245144"}],"wp:term":[{"taxonomy":"product_cat","embeddable":true,"href":"https:\/\/irankiuzona.lt\/ru\/wp-json\/wp\/v2\/product_cat?post=245144"},{"taxonomy":"product_tag","embeddable":true,"href":"https:\/\/irankiuzona.lt\/ru\/wp-json\/wp\/v2\/product_tag?post=245144"}],"curies":[{"name":"wp","href":"https:\/\/api.w.org\/{rel}","templated":true}]}}