{"id":246856,"date":"2024-09-29T07:40:15","date_gmt":"2024-09-29T07:40:15","guid":{"rendered":"https:\/\/irankiuzona.lt\/product\/galvute-1-2-h9100mm-hex\/"},"modified":"2026-05-16T15:12:20","modified_gmt":"2026-05-16T15:12:20","slug":"galvute-1-2-h9100mm-hex","status":"publish","type":"product","link":"https:\/\/irankiuzona.lt\/ru\/product\/galvute-1-2-h9100mm-hex\/","title":{"rendered":"Galvut\u0117 1\/2 H9*100mm HEX"},"content":{"rendered":"<p>\u012epresuotas \u0161e\u0161iakampis antgalis 9mm \/ HEX9mm \/ HEX-9mmSocket Bit, 1\/2&quot;, hexagon 9&#215;100 mm<\/p>","protected":false},"excerpt":{"rendered":"<p>Antgalis \u0161e\u0161iakampis\u00a0H9mm \u012fpresuotas 1\/2 galvut\u0117je \/ 100mm ilgio \/ HEX-9<\/p>","protected":false},"featured_media":246858,"comment_status":"open","ping_status":"open","template":"","meta":[],"product_cat":[9620],"product_tag":[9462],"class_list":{"0":"post-246856","1":"product","2":"type-product","3":"status-publish","4":"has-post-thumbnail","6":"product_brand-condor-werkzeug-vokietija","7":"product_cat-1-2-ipresuoti-hex-antgaliai","8":"product_tag-condor-werkzeug-vokietija","10":"first","11":"instock","12":"purchasable","13":"product-type-simple"},"jetpack_sharing_enabled":true,"_links":{"self":[{"href":"https:\/\/irankiuzona.lt\/ru\/wp-json\/wp\/v2\/product\/246856","targetHints":{"allow":["GET"]}}],"collection":[{"href":"https:\/\/irankiuzona.lt\/ru\/wp-json\/wp\/v2\/product"}],"about":[{"href":"https:\/\/irankiuzona.lt\/ru\/wp-json\/wp\/v2\/types\/product"}],"replies":[{"embeddable":true,"href":"https:\/\/irankiuzona.lt\/ru\/wp-json\/wp\/v2\/comments?post=246856"}],"version-history":[{"count":1,"href":"https:\/\/irankiuzona.lt\/ru\/wp-json\/wp\/v2\/product\/246856\/revisions"}],"predecessor-version":[{"id":416904,"href":"https:\/\/irankiuzona.lt\/ru\/wp-json\/wp\/v2\/product\/246856\/revisions\/416904"}],"wp:featuredmedia":[{"embeddable":true,"href":"https:\/\/irankiuzona.lt\/ru\/wp-json\/wp\/v2\/media\/246858"}],"wp:attachment":[{"href":"https:\/\/irankiuzona.lt\/ru\/wp-json\/wp\/v2\/media?parent=246856"}],"wp:term":[{"taxonomy":"product_cat","embeddable":true,"href":"https:\/\/irankiuzona.lt\/ru\/wp-json\/wp\/v2\/product_cat?post=246856"},{"taxonomy":"product_tag","embeddable":true,"href":"https:\/\/irankiuzona.lt\/ru\/wp-json\/wp\/v2\/product_tag?post=246856"}],"curies":[{"name":"wp","href":"https:\/\/api.w.org\/{rel}","templated":true}]}}