{"id":246937,"date":"2024-09-29T07:40:22","date_gmt":"2024-09-29T07:40:22","guid":{"rendered":"https:\/\/irankiuzona.lt\/product\/apdailos-ardymo-komplektas-5-160-210mm\/"},"modified":"2026-04-08T19:42:25","modified_gmt":"2026-04-08T19:42:25","slug":"apdailos-ardymo-komplektas-5-160-210mm","status":"publish","type":"product","link":"https:\/\/irankiuzona.lt\/ru\/product\/apdailos-ardymo-komplektas-5-160-210mm\/","title":{"rendered":"Apdailos ardymo komplektas *5 (160-210mm)"},"content":{"rendered":"<p>Plastikini\u0173 \u012franki\u0173 komplektas apdailos, fiksatori\u0173 ardymui<\/p>","protected":false},"excerpt":{"rendered":"<p>Monta\u017einiai \u012frankiai apdailai *5 (160-210mm)<\/p>","protected":false},"featured_media":246939,"comment_status":"open","ping_status":"open","template":"","meta":[],"product_cat":[9529],"product_tag":[9969],"class_list":{"0":"post-246937","1":"product","2":"type-product","3":"status-publish","4":"has-post-thumbnail","6":"product_brand-hogert-technik-vokietija","7":"product_cat-irankiai-apdailos-ardymui","8":"product_tag-hogert-technik-vokietija","10":"first","11":"instock","12":"purchasable","13":"product-type-simple"},"jetpack_sharing_enabled":true,"_links":{"self":[{"href":"https:\/\/irankiuzona.lt\/ru\/wp-json\/wp\/v2\/product\/246937","targetHints":{"allow":["GET"]}}],"collection":[{"href":"https:\/\/irankiuzona.lt\/ru\/wp-json\/wp\/v2\/product"}],"about":[{"href":"https:\/\/irankiuzona.lt\/ru\/wp-json\/wp\/v2\/types\/product"}],"replies":[{"embeddable":true,"href":"https:\/\/irankiuzona.lt\/ru\/wp-json\/wp\/v2\/comments?post=246937"}],"version-history":[{"count":0,"href":"https:\/\/irankiuzona.lt\/ru\/wp-json\/wp\/v2\/product\/246937\/revisions"}],"wp:featuredmedia":[{"embeddable":true,"href":"https:\/\/irankiuzona.lt\/ru\/wp-json\/wp\/v2\/media\/246939"}],"wp:attachment":[{"href":"https:\/\/irankiuzona.lt\/ru\/wp-json\/wp\/v2\/media?parent=246937"}],"wp:term":[{"taxonomy":"product_cat","embeddable":true,"href":"https:\/\/irankiuzona.lt\/ru\/wp-json\/wp\/v2\/product_cat?post=246937"},{"taxonomy":"product_tag","embeddable":true,"href":"https:\/\/irankiuzona.lt\/ru\/wp-json\/wp\/v2\/product_tag?post=246937"}],"curies":[{"name":"wp","href":"https:\/\/api.w.org\/{rel}","templated":true}]}}