{"id":246940,"date":"2024-09-29T07:40:22","date_gmt":"2024-09-29T07:40:22","guid":{"rendered":"https:\/\/irankiuzona.lt\/product\/apdailos-ardymo-komplektas-6-daliu-hoegert-ht8g391\/"},"modified":"2026-04-10T14:46:23","modified_gmt":"2026-04-10T14:46:23","slug":"apdailos-ardymo-komplektas-6-daliu-hoegert-ht8g391","status":"publish","type":"product","link":"https:\/\/irankiuzona.lt\/ru\/product\/apdailos-ardymo-komplektas-6-daliu-hoegert-ht8g391\/","title":{"rendered":"Apdailos ardymo komplektas 6 dali\u0173,  HOEGERT HT8G391"},"content":{"rendered":"<p>Plastikini\u0173 \u012franki\u0173 komplektas apdailos, fiksatori\u0173 ardymui.<\/p>","protected":false},"excerpt":{"rendered":"<p>Apdailos ardymo komplektas 6dali\u0173<\/p>","protected":false},"featured_media":246942,"comment_status":"open","ping_status":"open","template":"","meta":[],"product_cat":[9529],"product_tag":[9969],"class_list":{"0":"post-246940","1":"product","2":"type-product","3":"status-publish","4":"has-post-thumbnail","6":"product_brand-hogert-technik-vokietija","7":"product_cat-irankiai-apdailos-ardymui","8":"product_tag-hogert-technik-vokietija","10":"first","11":"instock","12":"purchasable","13":"product-type-simple"},"jetpack_sharing_enabled":true,"_links":{"self":[{"href":"https:\/\/irankiuzona.lt\/ru\/wp-json\/wp\/v2\/product\/246940","targetHints":{"allow":["GET"]}}],"collection":[{"href":"https:\/\/irankiuzona.lt\/ru\/wp-json\/wp\/v2\/product"}],"about":[{"href":"https:\/\/irankiuzona.lt\/ru\/wp-json\/wp\/v2\/types\/product"}],"replies":[{"embeddable":true,"href":"https:\/\/irankiuzona.lt\/ru\/wp-json\/wp\/v2\/comments?post=246940"}],"version-history":[{"count":1,"href":"https:\/\/irankiuzona.lt\/ru\/wp-json\/wp\/v2\/product\/246940\/revisions"}],"predecessor-version":[{"id":416932,"href":"https:\/\/irankiuzona.lt\/ru\/wp-json\/wp\/v2\/product\/246940\/revisions\/416932"}],"wp:featuredmedia":[{"embeddable":true,"href":"https:\/\/irankiuzona.lt\/ru\/wp-json\/wp\/v2\/media\/246942"}],"wp:attachment":[{"href":"https:\/\/irankiuzona.lt\/ru\/wp-json\/wp\/v2\/media?parent=246940"}],"wp:term":[{"taxonomy":"product_cat","embeddable":true,"href":"https:\/\/irankiuzona.lt\/ru\/wp-json\/wp\/v2\/product_cat?post=246940"},{"taxonomy":"product_tag","embeddable":true,"href":"https:\/\/irankiuzona.lt\/ru\/wp-json\/wp\/v2\/product_tag?post=246940"}],"curies":[{"name":"wp","href":"https:\/\/api.w.org\/{rel}","templated":true}]}}