{"id":246973,"date":"2024-09-29T07:40:26","date_gmt":"2024-09-29T07:40:26","guid":{"rendered":"https:\/\/irankiuzona.lt\/product\/nuluzusiu-varztu-issukeju-komplektas-m2-m10-hogert-ht8g402\/"},"modified":"2026-04-13T15:26:31","modified_gmt":"2026-04-13T15:26:31","slug":"nuluzusiu-varztu-issukeju-komplektas-m2-m10-hogert-ht8g402","status":"publish","type":"product","link":"https:\/\/irankiuzona.lt\/ru\/product\/nuluzusiu-varztu-issukeju-komplektas-m2-m10-hogert-ht8g402\/","title":{"rendered":"Nul\u016b\u017eusi\u0173 var\u017et\u0173 i\u0161suk\u0117j\u0173 komplektas \/ M2-M10, HOGERT HT8G402"},"content":{"rendered":"<p>Nul\u016b\u017eusi\u0173 var\u017et\u0173 i\u0161sukimo \u012franki\u0173 komplektas \/ 6 dali\u0173 \/ 2-10 mm3\/8 lizdas \/\u00a02, 3, 4, 6, 8, 10 mm.<\/p>","protected":false},"excerpt":{"rendered":"<p>Nul\u016b\u017eusi\u0173 var\u017et\u0173 i\u0161sukimo \u012franki\u0173 komplektas \/ 6 dali\u0173 \/ 2-10 mm<\/p>","protected":false},"featured_media":246975,"comment_status":"open","ping_status":"open","template":"","meta":[],"product_cat":[9557],"product_tag":[9969],"class_list":{"0":"post-246973","1":"product","2":"type-product","3":"status-publish","4":"has-post-thumbnail","6":"product_brand-hogert-technik-vokietija","7":"product_cat-nulauztu-varztu-issukimo-irankiai","8":"product_tag-hogert-technik-vokietija","10":"first","11":"instock","12":"purchasable","13":"product-type-simple"},"jetpack_sharing_enabled":true,"_links":{"self":[{"href":"https:\/\/irankiuzona.lt\/ru\/wp-json\/wp\/v2\/product\/246973","targetHints":{"allow":["GET"]}}],"collection":[{"href":"https:\/\/irankiuzona.lt\/ru\/wp-json\/wp\/v2\/product"}],"about":[{"href":"https:\/\/irankiuzona.lt\/ru\/wp-json\/wp\/v2\/types\/product"}],"replies":[{"embeddable":true,"href":"https:\/\/irankiuzona.lt\/ru\/wp-json\/wp\/v2\/comments?post=246973"}],"version-history":[{"count":1,"href":"https:\/\/irankiuzona.lt\/ru\/wp-json\/wp\/v2\/product\/246973\/revisions"}],"predecessor-version":[{"id":416943,"href":"https:\/\/irankiuzona.lt\/ru\/wp-json\/wp\/v2\/product\/246973\/revisions\/416943"}],"wp:featuredmedia":[{"embeddable":true,"href":"https:\/\/irankiuzona.lt\/ru\/wp-json\/wp\/v2\/media\/246975"}],"wp:attachment":[{"href":"https:\/\/irankiuzona.lt\/ru\/wp-json\/wp\/v2\/media?parent=246973"}],"wp:term":[{"taxonomy":"product_cat","embeddable":true,"href":"https:\/\/irankiuzona.lt\/ru\/wp-json\/wp\/v2\/product_cat?post=246973"},{"taxonomy":"product_tag","embeddable":true,"href":"https:\/\/irankiuzona.lt\/ru\/wp-json\/wp\/v2\/product_tag?post=246973"}],"curies":[{"name":"wp","href":"https:\/\/api.w.org\/{rel}","templated":true}]}}