{"id":247065,"date":"2024-09-29T07:40:35","date_gmt":"2024-09-29T07:40:35","guid":{"rendered":"https:\/\/irankiuzona.lt\/product\/guminiu-zarneliu-uzspaudimo-reples-3vnt\/"},"modified":"2026-04-13T14:26:06","modified_gmt":"2026-04-13T14:26:06","slug":"guminiu-zarneliu-uzspaudimo-reples-3vnt","status":"publish","type":"product","link":"https:\/\/irankiuzona.lt\/ru\/product\/guminiu-zarneliu-uzspaudimo-reples-3vnt\/","title":{"rendered":"Gumini\u0173 \u017earneli\u0173 u\u017espaudimo repl\u0117s \/ 3vnt."},"content":{"rendered":"<p>6,3-19 mm (1\/4&quot;-3\/4&quot;)12,5-32 mm (1\/2&quot;-5\/4&quot;)19-57 mm (3\/4&quot;-9\/4&quot;)<\/p>","protected":false},"excerpt":{"rendered":"<p>Gumini\u0173 \u017earn\u0173 u\u017espaud\u0117jai 3vnt.<\/p>","protected":false},"featured_media":247067,"comment_status":"open","ping_status":"open","template":"","meta":[],"product_cat":[9468],"product_tag":[9969],"class_list":{"0":"post-247065","1":"product","2":"type-product","3":"status-publish","4":"has-post-thumbnail","6":"product_brand-hogert-technik-vokietija","7":"product_cat-zarnu-uzspaudimo-irankiai","8":"product_tag-hogert-technik-vokietija","10":"first","11":"instock","12":"purchasable","13":"product-type-simple"},"jetpack_sharing_enabled":true,"_links":{"self":[{"href":"https:\/\/irankiuzona.lt\/ru\/wp-json\/wp\/v2\/product\/247065","targetHints":{"allow":["GET"]}}],"collection":[{"href":"https:\/\/irankiuzona.lt\/ru\/wp-json\/wp\/v2\/product"}],"about":[{"href":"https:\/\/irankiuzona.lt\/ru\/wp-json\/wp\/v2\/types\/product"}],"replies":[{"embeddable":true,"href":"https:\/\/irankiuzona.lt\/ru\/wp-json\/wp\/v2\/comments?post=247065"}],"version-history":[{"count":1,"href":"https:\/\/irankiuzona.lt\/ru\/wp-json\/wp\/v2\/product\/247065\/revisions"}],"predecessor-version":[{"id":416974,"href":"https:\/\/irankiuzona.lt\/ru\/wp-json\/wp\/v2\/product\/247065\/revisions\/416974"}],"wp:featuredmedia":[{"embeddable":true,"href":"https:\/\/irankiuzona.lt\/ru\/wp-json\/wp\/v2\/media\/247067"}],"wp:attachment":[{"href":"https:\/\/irankiuzona.lt\/ru\/wp-json\/wp\/v2\/media?parent=247065"}],"wp:term":[{"taxonomy":"product_cat","embeddable":true,"href":"https:\/\/irankiuzona.lt\/ru\/wp-json\/wp\/v2\/product_cat?post=247065"},{"taxonomy":"product_tag","embeddable":true,"href":"https:\/\/irankiuzona.lt\/ru\/wp-json\/wp\/v2\/product_tag?post=247065"}],"curies":[{"name":"wp","href":"https:\/\/api.w.org\/{rel}","templated":true}]}}