{"id":247082,"date":"2024-09-29T07:40:37","date_gmt":"2024-09-29T07:40:37","guid":{"rendered":"https:\/\/irankiuzona.lt\/product\/stabdziu-sistemos-remonto-komplektas-hogert-ht8g371\/"},"modified":"2026-05-15T15:24:21","modified_gmt":"2026-05-15T15:24:21","slug":"stabdziu-sistemos-remonto-komplektas-hogert-ht8g371","status":"publish","type":"product","link":"https:\/\/irankiuzona.lt\/ru\/product\/stabdziu-sistemos-remonto-komplektas-hogert-ht8g371\/","title":{"rendered":"Stabd\u017ei\u0173 sistemos remonto komplektas, HOGERT HT8G371"},"content":{"rendered":"<p>CharakteristikosB\u016bgnini\u0173 stabd\u017ei\u0173 kalad\u0117li\u0173 keitimui repl\u0117s 325 mmSpecialus atsuktuvai su \u012fpjovomis 4 vnt.Profiliuoti \u0161auk\u0161tai 2 vnt.Rinkinys supakuotas \u012f plastikin\u0119 d\u0117\u017eut\u0119, kad b\u016bt\u0173 patogu transportuoti ir laikyti.<\/p>","protected":false},"excerpt":{"rendered":"<p>Stabd\u017ei\u0173 sistemos, stabd\u017ei\u0173 kalad\u0117li\u0173 keitimo-remonto komplektas<\/p>","protected":false},"featured_media":247084,"comment_status":"open","ping_status":"open","template":"","meta":[],"product_cat":[9534],"product_tag":[9969],"class_list":{"0":"post-247082","1":"product","2":"type-product","3":"status-publish","4":"has-post-thumbnail","6":"product_brand-hogert-technik-vokietija","7":"product_cat-stabdziu-remonto-nuorinimo-irankiai","8":"product_tag-hogert-technik-vokietija","10":"first","11":"instock","12":"purchasable","13":"product-type-simple"},"jetpack_sharing_enabled":true,"_links":{"self":[{"href":"https:\/\/irankiuzona.lt\/ru\/wp-json\/wp\/v2\/product\/247082","targetHints":{"allow":["GET"]}}],"collection":[{"href":"https:\/\/irankiuzona.lt\/ru\/wp-json\/wp\/v2\/product"}],"about":[{"href":"https:\/\/irankiuzona.lt\/ru\/wp-json\/wp\/v2\/types\/product"}],"replies":[{"embeddable":true,"href":"https:\/\/irankiuzona.lt\/ru\/wp-json\/wp\/v2\/comments?post=247082"}],"version-history":[{"count":1,"href":"https:\/\/irankiuzona.lt\/ru\/wp-json\/wp\/v2\/product\/247082\/revisions"}],"predecessor-version":[{"id":416980,"href":"https:\/\/irankiuzona.lt\/ru\/wp-json\/wp\/v2\/product\/247082\/revisions\/416980"}],"wp:featuredmedia":[{"embeddable":true,"href":"https:\/\/irankiuzona.lt\/ru\/wp-json\/wp\/v2\/media\/247084"}],"wp:attachment":[{"href":"https:\/\/irankiuzona.lt\/ru\/wp-json\/wp\/v2\/media?parent=247082"}],"wp:term":[{"taxonomy":"product_cat","embeddable":true,"href":"https:\/\/irankiuzona.lt\/ru\/wp-json\/wp\/v2\/product_cat?post=247082"},{"taxonomy":"product_tag","embeddable":true,"href":"https:\/\/irankiuzona.lt\/ru\/wp-json\/wp\/v2\/product_tag?post=247082"}],"curies":[{"name":"wp","href":"https:\/\/api.w.org\/{rel}","templated":true}]}}