{"id":247085,"date":"2024-09-29T07:40:37","date_gmt":"2024-09-29T07:40:37","guid":{"rendered":"https:\/\/irankiuzona.lt\/product\/galvuciu-sugadintiems-varztams-komplektas-3-8-10-19mm-hoegert-ht8g401\/"},"modified":"2026-04-10T08:09:27","modified_gmt":"2026-04-10T08:09:27","slug":"galvuciu-sugadintiems-varztams-komplektas-3-8-10-19mm-hoegert-ht8g401","status":"publish","type":"product","link":"https:\/\/irankiuzona.lt\/ru\/product\/galvuciu-sugadintiems-varztams-komplektas-3-8-10-19mm-hoegert-ht8g401\/","title":{"rendered":"Galvu\u010di\u0173 sugadintiems var\u017etams komplektas 3\/8 \/ 10-19mm \/ HOEGERT HT8G401"},"content":{"rendered":"<p>Lizdas 3\/8Komplekte: 10, 11, 12, 13, 14, 15, 16, 17, 19 mm<\/p>","protected":false},"excerpt":{"rendered":"<p>Galvu\u010di\u0173 sugadintiems-pa\u017eeistiems var\u017etams-ver\u017el\u0117ms komplektas 3\/8 \/ 10-19mm<\/p>","protected":false},"featured_media":247087,"comment_status":"open","ping_status":"open","template":"","meta":[],"product_cat":[9962],"product_tag":[9969],"class_list":{"0":"post-247085","1":"product","2":"type-product","3":"status-publish","4":"has-post-thumbnail","6":"product_brand-hogert-technik-vokietija","7":"product_cat-galvutes-sugadintiems-varztams","8":"product_tag-hogert-technik-vokietija","10":"first","11":"instock","12":"purchasable","13":"product-type-simple"},"jetpack_sharing_enabled":true,"_links":{"self":[{"href":"https:\/\/irankiuzona.lt\/ru\/wp-json\/wp\/v2\/product\/247085","targetHints":{"allow":["GET"]}}],"collection":[{"href":"https:\/\/irankiuzona.lt\/ru\/wp-json\/wp\/v2\/product"}],"about":[{"href":"https:\/\/irankiuzona.lt\/ru\/wp-json\/wp\/v2\/types\/product"}],"replies":[{"embeddable":true,"href":"https:\/\/irankiuzona.lt\/ru\/wp-json\/wp\/v2\/comments?post=247085"}],"version-history":[{"count":1,"href":"https:\/\/irankiuzona.lt\/ru\/wp-json\/wp\/v2\/product\/247085\/revisions"}],"predecessor-version":[{"id":416981,"href":"https:\/\/irankiuzona.lt\/ru\/wp-json\/wp\/v2\/product\/247085\/revisions\/416981"}],"wp:featuredmedia":[{"embeddable":true,"href":"https:\/\/irankiuzona.lt\/ru\/wp-json\/wp\/v2\/media\/247087"}],"wp:attachment":[{"href":"https:\/\/irankiuzona.lt\/ru\/wp-json\/wp\/v2\/media?parent=247085"}],"wp:term":[{"taxonomy":"product_cat","embeddable":true,"href":"https:\/\/irankiuzona.lt\/ru\/wp-json\/wp\/v2\/product_cat?post=247085"},{"taxonomy":"product_tag","embeddable":true,"href":"https:\/\/irankiuzona.lt\/ru\/wp-json\/wp\/v2\/product_tag?post=247085"}],"curies":[{"name":"wp","href":"https:\/\/api.w.org\/{rel}","templated":true}]}}