{"id":247143,"date":"2024-09-29T07:40:43","date_gmt":"2024-09-29T07:40:43","guid":{"rendered":"https:\/\/irankiuzona.lt\/product\/dezute-plastikine-smulkmenoms-14\/"},"modified":"2026-04-12T18:34:46","modified_gmt":"2026-04-12T18:34:46","slug":"dezute-plastikine-smulkmenoms-14","status":"publish","type":"product","link":"https:\/\/irankiuzona.lt\/ru\/product\/dezute-plastikine-smulkmenoms-14\/","title":{"rendered":"D\u0117\u017eut\u0117 plastikin\u0117 smulkmenoms 14&#8221;"},"content":{"rendered":"<p>34,4&#215;24,9&#215;5 cm<br \/>\nUniversal organiser with adjustable compartments for handy storing of small parts and tools. Made of high-quality materials that guarantee durability and reliability of the product.<br \/>\nCharacteristics<\/p>\n<p>secures stored elements against falling out;<br \/>\ntransparent hermetic lid enabling inspecting the content without opening the box;<br \/>\ncomfortable and strong handle that enables effortless carrying of the organiser;<br \/>\nrobust plastic snap-fit closures.<\/p>","protected":false},"excerpt":{"rendered":"<p>D\u0117\u017eut\u0117 plastikin\u0117 smulkmenoms 14&#8221; \/\u00a034,4&#215;24,9&#215;5 cm<\/p>","protected":false},"featured_media":247145,"comment_status":"open","ping_status":"open","template":"","meta":[],"product_cat":[10015],"product_tag":[9969],"class_list":{"0":"post-247143","1":"product","2":"type-product","3":"status-publish","4":"has-post-thumbnail","6":"product_brand-hogert-technik-vokietija","7":"product_cat-dezutes-smulkmenoms","8":"product_tag-hogert-technik-vokietija","10":"first","11":"instock","12":"purchasable","13":"product-type-simple"},"jetpack_sharing_enabled":true,"_links":{"self":[{"href":"https:\/\/irankiuzona.lt\/ru\/wp-json\/wp\/v2\/product\/247143","targetHints":{"allow":["GET"]}}],"collection":[{"href":"https:\/\/irankiuzona.lt\/ru\/wp-json\/wp\/v2\/product"}],"about":[{"href":"https:\/\/irankiuzona.lt\/ru\/wp-json\/wp\/v2\/types\/product"}],"replies":[{"embeddable":true,"href":"https:\/\/irankiuzona.lt\/ru\/wp-json\/wp\/v2\/comments?post=247143"}],"version-history":[{"count":1,"href":"https:\/\/irankiuzona.lt\/ru\/wp-json\/wp\/v2\/product\/247143\/revisions"}],"predecessor-version":[{"id":416999,"href":"https:\/\/irankiuzona.lt\/ru\/wp-json\/wp\/v2\/product\/247143\/revisions\/416999"}],"wp:featuredmedia":[{"embeddable":true,"href":"https:\/\/irankiuzona.lt\/ru\/wp-json\/wp\/v2\/media\/247145"}],"wp:attachment":[{"href":"https:\/\/irankiuzona.lt\/ru\/wp-json\/wp\/v2\/media?parent=247143"}],"wp:term":[{"taxonomy":"product_cat","embeddable":true,"href":"https:\/\/irankiuzona.lt\/ru\/wp-json\/wp\/v2\/product_cat?post=247143"},{"taxonomy":"product_tag","embeddable":true,"href":"https:\/\/irankiuzona.lt\/ru\/wp-json\/wp\/v2\/product_tag?post=247143"}],"curies":[{"name":"wp","href":"https:\/\/api.w.org\/{rel}","templated":true}]}}