{"id":247152,"date":"2024-09-29T07:40:44","date_gmt":"2024-09-29T07:40:44","guid":{"rendered":"https:\/\/irankiuzona.lt\/product\/grandiniu-galandymo-stakles-elektrines\/"},"modified":"2025-05-16T05:55:17","modified_gmt":"2025-05-16T05:55:17","slug":"grandiniu-galandymo-stakles-elektrines","status":"publish","type":"product","link":"https:\/\/irankiuzona.lt\/ru\/product\/grandiniu-galandymo-stakles-elektrines\/","title":{"rendered":"Grandini\u0173 galandymo stakl\u0117s elektrin\u0117s"},"content":{"rendered":"","protected":false},"excerpt":{"rendered":"<p>Grandini\u0173 galandymo stakl\u0117s elektrin\u0117s<\/p>","protected":false},"featured_media":247154,"comment_status":"open","ping_status":"open","template":"","meta":[],"product_cat":[9968],"product_tag":[9435],"class_list":{"0":"post-247152","1":"product","2":"type-product","3":"status-publish","4":"has-post-thumbnail","6":"product_brand-kinija","7":"product_cat-stakles-metalo-apdirbimui","8":"product_tag-kinija","10":"first","11":"instock","12":"purchasable","13":"product-type-simple"},"jetpack_sharing_enabled":true,"_links":{"self":[{"href":"https:\/\/irankiuzona.lt\/ru\/wp-json\/wp\/v2\/product\/247152","targetHints":{"allow":["GET"]}}],"collection":[{"href":"https:\/\/irankiuzona.lt\/ru\/wp-json\/wp\/v2\/product"}],"about":[{"href":"https:\/\/irankiuzona.lt\/ru\/wp-json\/wp\/v2\/types\/product"}],"replies":[{"embeddable":true,"href":"https:\/\/irankiuzona.lt\/ru\/wp-json\/wp\/v2\/comments?post=247152"}],"version-history":[{"count":0,"href":"https:\/\/irankiuzona.lt\/ru\/wp-json\/wp\/v2\/product\/247152\/revisions"}],"wp:featuredmedia":[{"embeddable":true,"href":"https:\/\/irankiuzona.lt\/ru\/wp-json\/wp\/v2\/media\/247154"}],"wp:attachment":[{"href":"https:\/\/irankiuzona.lt\/ru\/wp-json\/wp\/v2\/media?parent=247152"}],"wp:term":[{"taxonomy":"product_cat","embeddable":true,"href":"https:\/\/irankiuzona.lt\/ru\/wp-json\/wp\/v2\/product_cat?post=247152"},{"taxonomy":"product_tag","embeddable":true,"href":"https:\/\/irankiuzona.lt\/ru\/wp-json\/wp\/v2\/product_tag?post=247152"}],"curies":[{"name":"wp","href":"https:\/\/api.w.org\/{rel}","templated":true}]}}