{"id":247219,"date":"2024-09-29T07:40:50","date_gmt":"2024-09-29T07:40:50","guid":{"rendered":"https:\/\/irankiuzona.lt\/product\/galvute-3-8-ilga-10mm-6-kampe\/"},"modified":"2026-05-16T16:52:31","modified_gmt":"2026-05-16T16:52:31","slug":"galvute-3-8-ilga-10mm-6-kampe","status":"publish","type":"product","link":"https:\/\/irankiuzona.lt\/ru\/product\/galvute-3-8-ilga-10mm-6-kampe\/","title":{"rendered":"Galvut\u0117 3\/8 ilga 10mm (6-kamp\u0117)"},"content":{"rendered":"<p>size 3\/8\u201d;long version;made from high-quality CrV50BV30 alloy steel;<\/p>","protected":false},"excerpt":{"rendered":"<p>Galvut\u0117 \u0161e\u0161iakamp\u0117 3\/8 ilga 10mm CV\u00a0<\/p>","protected":false},"featured_media":247221,"comment_status":"open","ping_status":"open","template":"","meta":[],"product_cat":[9883],"product_tag":[9969],"class_list":{"0":"post-247219","1":"product","2":"type-product","3":"status-publish","4":"has-post-thumbnail","6":"product_brand-hogert-technik-vokietija","7":"product_cat-3-8-10-mm-sesiakampes-galvutes","8":"product_tag-hogert-technik-vokietija","10":"first","11":"instock","12":"purchasable","13":"product-type-simple"},"jetpack_sharing_enabled":true,"_links":{"self":[{"href":"https:\/\/irankiuzona.lt\/ru\/wp-json\/wp\/v2\/product\/247219","targetHints":{"allow":["GET"]}}],"collection":[{"href":"https:\/\/irankiuzona.lt\/ru\/wp-json\/wp\/v2\/product"}],"about":[{"href":"https:\/\/irankiuzona.lt\/ru\/wp-json\/wp\/v2\/types\/product"}],"replies":[{"embeddable":true,"href":"https:\/\/irankiuzona.lt\/ru\/wp-json\/wp\/v2\/comments?post=247219"}],"version-history":[{"count":1,"href":"https:\/\/irankiuzona.lt\/ru\/wp-json\/wp\/v2\/product\/247219\/revisions"}],"predecessor-version":[{"id":417023,"href":"https:\/\/irankiuzona.lt\/ru\/wp-json\/wp\/v2\/product\/247219\/revisions\/417023"}],"wp:featuredmedia":[{"embeddable":true,"href":"https:\/\/irankiuzona.lt\/ru\/wp-json\/wp\/v2\/media\/247221"}],"wp:attachment":[{"href":"https:\/\/irankiuzona.lt\/ru\/wp-json\/wp\/v2\/media?parent=247219"}],"wp:term":[{"taxonomy":"product_cat","embeddable":true,"href":"https:\/\/irankiuzona.lt\/ru\/wp-json\/wp\/v2\/product_cat?post=247219"},{"taxonomy":"product_tag","embeddable":true,"href":"https:\/\/irankiuzona.lt\/ru\/wp-json\/wp\/v2\/product_tag?post=247219"}],"curies":[{"name":"wp","href":"https:\/\/api.w.org\/{rel}","templated":true}]}}