{"id":247273,"date":"2024-09-29T07:40:55","date_gmt":"2024-09-29T07:40:55","guid":{"rendered":"https:\/\/irankiuzona.lt\/product\/darbines-kojines-siltos-43-44-dydzio-3-poros\/"},"modified":"2026-04-13T03:34:24","modified_gmt":"2026-04-13T03:34:24","slug":"darbines-kojines-siltos-43-44-dydzio-3-poros","status":"publish","type":"product","link":"https:\/\/irankiuzona.lt\/ru\/product\/darbines-kojines-siltos-43-44-dydzio-3-poros\/","title":{"rendered":"Darbin\u0117s kojin\u0117s \u0161iltos 43-44 dyd\u017eio \/ 3 poros"},"content":{"rendered":"<p>Sud\u0117tis: 78% medviln\u0117, 15% poliamidas, 5% polipropilenas, 2% elastanas<\/p>","protected":false},"excerpt":{"rendered":"<p>Darbin\u0117s kojin\u0117s \u0161iltos 43-44 dyd\u017eio \/ 3 poros<\/p>","protected":false},"featured_media":247275,"comment_status":"open","ping_status":"open","template":"","meta":[],"product_cat":[10047],"product_tag":[9969],"class_list":{"0":"post-247273","1":"product","2":"type-product","3":"status-publish","4":"has-post-thumbnail","6":"product_brand-hogert-technik-vokietija","7":"product_cat-darbines-kojines","8":"product_tag-hogert-technik-vokietija","10":"first","11":"outofstock","12":"purchasable","13":"product-type-simple"},"jetpack_sharing_enabled":true,"_links":{"self":[{"href":"https:\/\/irankiuzona.lt\/ru\/wp-json\/wp\/v2\/product\/247273","targetHints":{"allow":["GET"]}}],"collection":[{"href":"https:\/\/irankiuzona.lt\/ru\/wp-json\/wp\/v2\/product"}],"about":[{"href":"https:\/\/irankiuzona.lt\/ru\/wp-json\/wp\/v2\/types\/product"}],"replies":[{"embeddable":true,"href":"https:\/\/irankiuzona.lt\/ru\/wp-json\/wp\/v2\/comments?post=247273"}],"version-history":[{"count":1,"href":"https:\/\/irankiuzona.lt\/ru\/wp-json\/wp\/v2\/product\/247273\/revisions"}],"predecessor-version":[{"id":417041,"href":"https:\/\/irankiuzona.lt\/ru\/wp-json\/wp\/v2\/product\/247273\/revisions\/417041"}],"wp:featuredmedia":[{"embeddable":true,"href":"https:\/\/irankiuzona.lt\/ru\/wp-json\/wp\/v2\/media\/247275"}],"wp:attachment":[{"href":"https:\/\/irankiuzona.lt\/ru\/wp-json\/wp\/v2\/media?parent=247273"}],"wp:term":[{"taxonomy":"product_cat","embeddable":true,"href":"https:\/\/irankiuzona.lt\/ru\/wp-json\/wp\/v2\/product_cat?post=247273"},{"taxonomy":"product_tag","embeddable":true,"href":"https:\/\/irankiuzona.lt\/ru\/wp-json\/wp\/v2\/product_tag?post=247273"}],"curies":[{"name":"wp","href":"https:\/\/api.w.org\/{rel}","templated":true}]}}