{"id":247276,"date":"2024-09-29T07:40:56","date_gmt":"2024-09-29T07:40:56","guid":{"rendered":"https:\/\/irankiuzona.lt\/product\/smuginiu-1-2-torx-antgaliu-komplektas-t30-t80\/"},"modified":"2026-04-14T10:42:58","modified_gmt":"2026-04-14T10:42:58","slug":"smuginiu-1-2-torx-antgaliu-komplektas-t30-t80","status":"publish","type":"product","link":"https:\/\/irankiuzona.lt\/ru\/product\/smuginiu-1-2-torx-antgaliu-komplektas-t30-t80\/","title":{"rendered":"Sm\u016bgini\u0173 1\/2 TORX antgali\u0173 komplektas \/ T30-T80"},"content":{"rendered":"<p>Komplekte Torx antgali\u0173 dyd\u017eiai:\u00a0T30, T40, T45, T50, T55, T60, T70, T80.<\/p>\n<p>dydis\u00a01\/2&quot;;<br \/>\npagaminta i\u0161 auk\u0161tos kokyb\u0117s\u00a0CrMo plieno.<\/p>","protected":false},"excerpt":{"rendered":"<p>Sm\u016bgini\u0173 1\/2 TORX CrMo antgali\u0173 komplektas \/ T30-T80 \/ 8 dali\u0173<\/p>","protected":false},"featured_media":247278,"comment_status":"open","ping_status":"open","template":"","meta":[],"product_cat":[9682],"product_tag":[9969],"class_list":{"0":"post-247276","1":"product","2":"type-product","3":"status-publish","4":"has-post-thumbnail","6":"product_brand-hogert-technik-vokietija","7":"product_cat-smuginiu-cr-mo-antgaliu-komplektai","8":"product_tag-hogert-technik-vokietija","10":"first","11":"instock","12":"purchasable","13":"product-type-simple"},"jetpack_sharing_enabled":true,"_links":{"self":[{"href":"https:\/\/irankiuzona.lt\/ru\/wp-json\/wp\/v2\/product\/247276","targetHints":{"allow":["GET"]}}],"collection":[{"href":"https:\/\/irankiuzona.lt\/ru\/wp-json\/wp\/v2\/product"}],"about":[{"href":"https:\/\/irankiuzona.lt\/ru\/wp-json\/wp\/v2\/types\/product"}],"replies":[{"embeddable":true,"href":"https:\/\/irankiuzona.lt\/ru\/wp-json\/wp\/v2\/comments?post=247276"}],"version-history":[{"count":1,"href":"https:\/\/irankiuzona.lt\/ru\/wp-json\/wp\/v2\/product\/247276\/revisions"}],"predecessor-version":[{"id":417042,"href":"https:\/\/irankiuzona.lt\/ru\/wp-json\/wp\/v2\/product\/247276\/revisions\/417042"}],"wp:featuredmedia":[{"embeddable":true,"href":"https:\/\/irankiuzona.lt\/ru\/wp-json\/wp\/v2\/media\/247278"}],"wp:attachment":[{"href":"https:\/\/irankiuzona.lt\/ru\/wp-json\/wp\/v2\/media?parent=247276"}],"wp:term":[{"taxonomy":"product_cat","embeddable":true,"href":"https:\/\/irankiuzona.lt\/ru\/wp-json\/wp\/v2\/product_cat?post=247276"},{"taxonomy":"product_tag","embeddable":true,"href":"https:\/\/irankiuzona.lt\/ru\/wp-json\/wp\/v2\/product_tag?post=247276"}],"curies":[{"name":"wp","href":"https:\/\/api.w.org\/{rel}","templated":true}]}}