{"id":247337,"date":"2024-09-29T07:41:02","date_gmt":"2024-09-29T07:41:02","guid":{"rendered":"https:\/\/irankiuzona.lt\/product\/pneumo-zarna-15m-su-automatine-rite-su-laikikliu-vidinis-o-12mm\/"},"modified":"2026-05-15T18:12:05","modified_gmt":"2026-05-15T18:12:05","slug":"pneumo-zarna-15m-su-automatine-rite-su-laikikliu-vidinis-o-12mm","status":"publish","type":"product","link":"https:\/\/irankiuzona.lt\/ru\/product\/pneumo-zarna-15m-su-automatine-rite-su-laikikliu-vidinis-o-12mm\/","title":{"rendered":"Pneumo \u017earna 15m su automatine rite \/ su laikikliu \/ vidinis \u00d8 12mm"},"content":{"rendered":"<p>Darbinis sl\u0117gis\u00a0max.: 20 barIlgis: 15 mVidinis-\u00d8 12 mmI\u0161orinis-\u00d8 18 mmAir Hose with Automatic Reel, 15 m<\/p>\n<p>with automatic reel stop<br \/>\npull hose to unlock<br \/>\n180\u00b0 swivel bracket holder, suitable for wall mounting<br \/>\nhose material: PVC mesh<br \/>\nconnecting hose length: 1 m<br \/>\nair inlet: 1\/4&#8243; (incl. quick coupler)<br \/>\nworking pressure: max. 20 bar (300 psi)<\/p>","protected":false},"excerpt":{"rendered":"<p>Pneumo \u017earna 15m su automatine rite, PROFI \/ vidinis diametras 12mm &#8211; i\u0161orinis 18mm \/ su laikikliu tvirtinti ant sienos<\/p>","protected":false},"featured_media":247339,"comment_status":"open","ping_status":"closed","template":"","meta":[],"product_cat":[9657],"product_tag":[9462],"class_list":{"0":"post-247337","1":"product","2":"type-product","3":"status-publish","4":"has-post-thumbnail","6":"product_brand-condor-werkzeug-vokietija","7":"product_cat-pneumatines-oro-zarnos","8":"product_tag-condor-werkzeug-vokietija","10":"first","11":"outofstock","12":"purchasable","13":"product-type-simple"},"jetpack_sharing_enabled":true,"_links":{"self":[{"href":"https:\/\/irankiuzona.lt\/ru\/wp-json\/wp\/v2\/product\/247337","targetHints":{"allow":["GET"]}}],"collection":[{"href":"https:\/\/irankiuzona.lt\/ru\/wp-json\/wp\/v2\/product"}],"about":[{"href":"https:\/\/irankiuzona.lt\/ru\/wp-json\/wp\/v2\/types\/product"}],"replies":[{"embeddable":true,"href":"https:\/\/irankiuzona.lt\/ru\/wp-json\/wp\/v2\/comments?post=247337"}],"version-history":[{"count":1,"href":"https:\/\/irankiuzona.lt\/ru\/wp-json\/wp\/v2\/product\/247337\/revisions"}],"predecessor-version":[{"id":417063,"href":"https:\/\/irankiuzona.lt\/ru\/wp-json\/wp\/v2\/product\/247337\/revisions\/417063"}],"wp:featuredmedia":[{"embeddable":true,"href":"https:\/\/irankiuzona.lt\/ru\/wp-json\/wp\/v2\/media\/247339"}],"wp:attachment":[{"href":"https:\/\/irankiuzona.lt\/ru\/wp-json\/wp\/v2\/media?parent=247337"}],"wp:term":[{"taxonomy":"product_cat","embeddable":true,"href":"https:\/\/irankiuzona.lt\/ru\/wp-json\/wp\/v2\/product_cat?post=247337"},{"taxonomy":"product_tag","embeddable":true,"href":"https:\/\/irankiuzona.lt\/ru\/wp-json\/wp\/v2\/product_tag?post=247337"}],"curies":[{"name":"wp","href":"https:\/\/api.w.org\/{rel}","templated":true}]}}