{"id":247340,"date":"2024-09-29T07:41:02","date_gmt":"2024-09-29T07:41:02","guid":{"rendered":"https:\/\/irankiuzona.lt\/product\/pincetas-lenktas\/"},"modified":"2026-05-09T13:22:43","modified_gmt":"2026-05-09T13:22:43","slug":"pincetas-lenktas","status":"publish","type":"product","link":"https:\/\/irankiuzona.lt\/ru\/product\/pincetas-lenktas\/","title":{"rendered":"Pincetas lenktas"},"content":{"rendered":"<p>Ilgis : 120, pagamintas i\u0161 ner\u016bdijan\u010dio plieno.<\/p>","protected":false},"excerpt":{"rendered":"<p>Pincetas lenktas<\/p>","protected":false},"featured_media":247342,"comment_status":"open","ping_status":"open","template":"","meta":[],"product_cat":[9871],"product_tag":[9483],"class_list":{"0":"post-247340","1":"product","2":"type-product","3":"status-publish","4":"has-post-thumbnail","6":"product_brand-yato-lenkija","7":"product_cat-pincetai-ir-griebtuvai","8":"product_tag-yato-lenkija","10":"first","11":"instock","12":"purchasable","13":"product-type-simple"},"jetpack_sharing_enabled":true,"_links":{"self":[{"href":"https:\/\/irankiuzona.lt\/ru\/wp-json\/wp\/v2\/product\/247340","targetHints":{"allow":["GET"]}}],"collection":[{"href":"https:\/\/irankiuzona.lt\/ru\/wp-json\/wp\/v2\/product"}],"about":[{"href":"https:\/\/irankiuzona.lt\/ru\/wp-json\/wp\/v2\/types\/product"}],"replies":[{"embeddable":true,"href":"https:\/\/irankiuzona.lt\/ru\/wp-json\/wp\/v2\/comments?post=247340"}],"version-history":[{"count":1,"href":"https:\/\/irankiuzona.lt\/ru\/wp-json\/wp\/v2\/product\/247340\/revisions"}],"predecessor-version":[{"id":417064,"href":"https:\/\/irankiuzona.lt\/ru\/wp-json\/wp\/v2\/product\/247340\/revisions\/417064"}],"wp:featuredmedia":[{"embeddable":true,"href":"https:\/\/irankiuzona.lt\/ru\/wp-json\/wp\/v2\/media\/247342"}],"wp:attachment":[{"href":"https:\/\/irankiuzona.lt\/ru\/wp-json\/wp\/v2\/media?parent=247340"}],"wp:term":[{"taxonomy":"product_cat","embeddable":true,"href":"https:\/\/irankiuzona.lt\/ru\/wp-json\/wp\/v2\/product_cat?post=247340"},{"taxonomy":"product_tag","embeddable":true,"href":"https:\/\/irankiuzona.lt\/ru\/wp-json\/wp\/v2\/product_tag?post=247340"}],"curies":[{"name":"wp","href":"https:\/\/api.w.org\/{rel}","templated":true}]}}