{"id":247363,"date":"2024-09-29T07:50:05","date_gmt":"2024-09-29T07:50:05","guid":{"rendered":"https:\/\/irankiuzona.lt\/product\/aukstos-kokybes-tvirtinimo-dirzeliai-juodi-36x200mm-nylon-100vnt\/"},"modified":"2026-03-03T09:41:21","modified_gmt":"2026-03-03T09:41:21","slug":"aukstos-kokybes-tvirtinimo-dirzeliai-juodi-36x200mm-nylon-100vnt","status":"publish","type":"product","link":"https:\/\/irankiuzona.lt\/ru\/product\/aukstos-kokybes-tvirtinimo-dirzeliai-juodi-36x200mm-nylon-100vnt\/","title":{"rendered":"Auk\u0161tos kokyb\u0117s tvirtinimo dir\u017eeliai juodi 3,6x200mm nylon \/ 100vnt"},"content":{"rendered":"<p>Tvirtinimo dir\u017eeliai i\u0161 100% nailono (polyamida 6.6 \/ UL94V-2 Flammability).D\u0117l \u0161ios itin tvirtos med\u017eiagos dir\u017eeliai nel\u016b\u017ein\u0117ja, yra atspar\u016bs UV spinduliams.Darbin\u0117 temperat\u016bra nuo \u201340 \u00b0C iki +85 \u00b0C<br \/>\nPlotis: 3,6mmIlgis: 200mmKiekis pakuot\u0117je: 100vnt.Max. u\u017ever\u017eiamas diametras: iki 53mmResist. Kgf.: 18.2<\/p>","protected":false},"excerpt":{"rendered":"<p>Profesional\u016bs, nailoniniai tvirtinimo dir\u017eeliai juodos spalvos \u00f83,6*200mm ilgio \/ pakuot\u0117je 100vnt<\/p>","protected":false},"featured_media":247365,"comment_status":"open","ping_status":"open","template":"","meta":[],"product_cat":[9489],"product_tag":[],"class_list":{"0":"post-247363","1":"product","2":"type-product","3":"status-publish","4":"has-post-thumbnail","6":"product_cat-tvirtinimo-dirzeliai","8":"first","9":"outofstock","10":"purchasable","11":"product-type-simple"},"jetpack_sharing_enabled":true,"_links":{"self":[{"href":"https:\/\/irankiuzona.lt\/ru\/wp-json\/wp\/v2\/product\/247363","targetHints":{"allow":["GET"]}}],"collection":[{"href":"https:\/\/irankiuzona.lt\/ru\/wp-json\/wp\/v2\/product"}],"about":[{"href":"https:\/\/irankiuzona.lt\/ru\/wp-json\/wp\/v2\/types\/product"}],"replies":[{"embeddable":true,"href":"https:\/\/irankiuzona.lt\/ru\/wp-json\/wp\/v2\/comments?post=247363"}],"version-history":[{"count":1,"href":"https:\/\/irankiuzona.lt\/ru\/wp-json\/wp\/v2\/product\/247363\/revisions"}],"predecessor-version":[{"id":417071,"href":"https:\/\/irankiuzona.lt\/ru\/wp-json\/wp\/v2\/product\/247363\/revisions\/417071"}],"wp:featuredmedia":[{"embeddable":true,"href":"https:\/\/irankiuzona.lt\/ru\/wp-json\/wp\/v2\/media\/247365"}],"wp:attachment":[{"href":"https:\/\/irankiuzona.lt\/ru\/wp-json\/wp\/v2\/media?parent=247363"}],"wp:term":[{"taxonomy":"product_cat","embeddable":true,"href":"https:\/\/irankiuzona.lt\/ru\/wp-json\/wp\/v2\/product_cat?post=247363"},{"taxonomy":"product_tag","embeddable":true,"href":"https:\/\/irankiuzona.lt\/ru\/wp-json\/wp\/v2\/product_tag?post=247363"}],"curies":[{"name":"wp","href":"https:\/\/api.w.org\/{rel}","templated":true}]}}