{"id":247396,"date":"2024-09-29T07:50:08","date_gmt":"2024-09-29T07:50:08","guid":{"rendered":"https:\/\/irankiuzona.lt\/product\/magnetine-lentynele-vezimeliui\/"},"modified":"2026-05-09T09:11:10","modified_gmt":"2026-05-09T09:11:10","slug":"magnetine-lentynele-vezimeliui","status":"publish","type":"product","link":"https:\/\/irankiuzona.lt\/ru\/product\/magnetine-lentynele-vezimeliui\/","title":{"rendered":"Magnetin\u0117 lentyn\u0117l\u0117 ve\u017eim\u0117liui"},"content":{"rendered":"<p>2 didesn\u0117s skyl\u0117s: chemijai (pur\u0161kalams)5 skyl\u0117s: atsuktuvams<\/p>","protected":false},"excerpt":{"rendered":"<p>Magnetin\u0117 lentyn\u0117l\u0117 \/ laikiklis magnetinis ve\u017eim\u0117liui<\/p>","protected":false},"featured_media":247398,"comment_status":"open","ping_status":"open","template":"","meta":[],"product_cat":[9873],"product_tag":[9483],"class_list":{"0":"post-247396","1":"product","2":"type-product","3":"status-publish","4":"has-post-thumbnail","6":"product_brand-yato-lenkija","7":"product_cat-priedai-vezimeliams","8":"product_tag-yato-lenkija","10":"first","11":"instock","12":"purchasable","13":"product-type-simple"},"jetpack_sharing_enabled":true,"_links":{"self":[{"href":"https:\/\/irankiuzona.lt\/ru\/wp-json\/wp\/v2\/product\/247396","targetHints":{"allow":["GET"]}}],"collection":[{"href":"https:\/\/irankiuzona.lt\/ru\/wp-json\/wp\/v2\/product"}],"about":[{"href":"https:\/\/irankiuzona.lt\/ru\/wp-json\/wp\/v2\/types\/product"}],"replies":[{"embeddable":true,"href":"https:\/\/irankiuzona.lt\/ru\/wp-json\/wp\/v2\/comments?post=247396"}],"version-history":[{"count":1,"href":"https:\/\/irankiuzona.lt\/ru\/wp-json\/wp\/v2\/product\/247396\/revisions"}],"predecessor-version":[{"id":417082,"href":"https:\/\/irankiuzona.lt\/ru\/wp-json\/wp\/v2\/product\/247396\/revisions\/417082"}],"wp:featuredmedia":[{"embeddable":true,"href":"https:\/\/irankiuzona.lt\/ru\/wp-json\/wp\/v2\/media\/247398"}],"wp:attachment":[{"href":"https:\/\/irankiuzona.lt\/ru\/wp-json\/wp\/v2\/media?parent=247396"}],"wp:term":[{"taxonomy":"product_cat","embeddable":true,"href":"https:\/\/irankiuzona.lt\/ru\/wp-json\/wp\/v2\/product_cat?post=247396"},{"taxonomy":"product_tag","embeddable":true,"href":"https:\/\/irankiuzona.lt\/ru\/wp-json\/wp\/v2\/product_tag?post=247396"}],"curies":[{"name":"wp","href":"https:\/\/api.w.org\/{rel}","templated":true}]}}