{"id":247488,"date":"2024-09-29T07:50:17","date_gmt":"2024-09-29T07:50:17","guid":{"rendered":"https:\/\/irankiuzona.lt\/product\/peiliukas-su-lauzoma-gelezte-180mm-40mm-sk4\/"},"modified":"2026-05-14T03:49:48","modified_gmt":"2026-05-14T03:49:48","slug":"peiliukas-su-lauzoma-gelezte-180mm-40mm-sk4","status":"publish","type":"product","link":"https:\/\/irankiuzona.lt\/ru\/product\/peiliukas-su-lauzoma-gelezte-180mm-40mm-sk4\/","title":{"rendered":"Peiliukas su lau\u017eoma gele\u017ete 180mm *40mm \/ SK4"},"content":{"rendered":"<p>SNAP-OFF KNIFE \/\u00a0180 mm x 40 mm<\/p>\n<p>SK4 steel alloy blade with improved resistance to cracking and chipping;<br \/>\nblack oxidation for corrosion protection;<br \/>\nextended-life laser-profiled triple cutting edge;<br \/>\nergonomic plastic handle;<br \/>\nblade stabiliser with a 60-kg resistant lock.<\/p>","protected":false},"excerpt":{"rendered":"<p>Peiliukas su lau\u017eoma gel\u0119\u017ete 180mm *40mm \/ SK4 plienas<\/p>","protected":false},"featured_media":247490,"comment_status":"open","ping_status":"open","template":"","meta":[],"product_cat":[9736],"product_tag":[9969],"class_list":{"0":"post-247488","1":"product","2":"type-product","3":"status-publish","4":"has-post-thumbnail","6":"product_brand-hogert-technik-vokietija","7":"product_cat-peiliukai-tapetams-geleztes-peiliai","8":"product_tag-hogert-technik-vokietija","10":"first","11":"outofstock","12":"purchasable","13":"product-type-simple"},"jetpack_sharing_enabled":true,"_links":{"self":[{"href":"https:\/\/irankiuzona.lt\/ru\/wp-json\/wp\/v2\/product\/247488","targetHints":{"allow":["GET"]}}],"collection":[{"href":"https:\/\/irankiuzona.lt\/ru\/wp-json\/wp\/v2\/product"}],"about":[{"href":"https:\/\/irankiuzona.lt\/ru\/wp-json\/wp\/v2\/types\/product"}],"replies":[{"embeddable":true,"href":"https:\/\/irankiuzona.lt\/ru\/wp-json\/wp\/v2\/comments?post=247488"}],"version-history":[{"count":1,"href":"https:\/\/irankiuzona.lt\/ru\/wp-json\/wp\/v2\/product\/247488\/revisions"}],"predecessor-version":[{"id":417108,"href":"https:\/\/irankiuzona.lt\/ru\/wp-json\/wp\/v2\/product\/247488\/revisions\/417108"}],"wp:featuredmedia":[{"embeddable":true,"href":"https:\/\/irankiuzona.lt\/ru\/wp-json\/wp\/v2\/media\/247490"}],"wp:attachment":[{"href":"https:\/\/irankiuzona.lt\/ru\/wp-json\/wp\/v2\/media?parent=247488"}],"wp:term":[{"taxonomy":"product_cat","embeddable":true,"href":"https:\/\/irankiuzona.lt\/ru\/wp-json\/wp\/v2\/product_cat?post=247488"},{"taxonomy":"product_tag","embeddable":true,"href":"https:\/\/irankiuzona.lt\/ru\/wp-json\/wp\/v2\/product_tag?post=247488"}],"curies":[{"name":"wp","href":"https:\/\/api.w.org\/{rel}","templated":true}]}}