{"id":247491,"date":"2024-09-29T07:50:17","date_gmt":"2024-09-29T07:50:17","guid":{"rendered":"https:\/\/irankiuzona.lt\/product\/uzverziamas-peiliukas-su-lauzoma-18mm-gelezte-sk4-180mm-40mm-hoegert-ht4c614\/"},"modified":"2026-05-14T03:49:48","modified_gmt":"2026-05-14T03:49:48","slug":"uzverziamas-peiliukas-su-lauzoma-18mm-gelezte-sk4-180mm-40mm-hoegert-ht4c614","status":"publish","type":"product","link":"https:\/\/irankiuzona.lt\/ru\/product\/uzverziamas-peiliukas-su-lauzoma-18mm-gelezte-sk4-180mm-40mm-hoegert-ht4c614\/","title":{"rendered":"U\u017ever\u017eiamas peiliukas su lau\u017eoma 18mm gele\u017ete SK4 \/ 180mm *40mm  HOEGERT HT4C614"},"content":{"rendered":"<p>\u201eHoegert Technik\u201c yra modernus ir dinami\u0161kai besivystantis profesionali\u0173 rankini\u0173 \u012franki\u0173 gamintojas. M\u016bs\u0173 produktai buvo sukurti intensyviam naudojimui ypatingai reikliems klientams. Hoegert Technik &#8211; patikimumas ir ilgaam\u017ei\u0161kumas. Technin\u0117 charakteristika: &#8211; skilimui ir atplai\u0161oms atsparesni a\u0161menys, pagaminti i\u0161 lankstaus anglinio SK4 plieno; juoda gele\u017et\u0117 apsaugota nuo korozijos; &#8211; trigubi a\u0161menys, pagaminti naudojant lazerin\u012f pjovim\u0105, kuri\u0173 naudojimo trukm\u0117 ilgesn\u0117; &#8211; ergonomi\u0161kas cinkuotas korpusas; &#8211; a\u0161men\u0173 stabilizavimas, atlaiko iki 60 kg sl\u0117g\u012f; &#8211; metalinis kreiptuvas.<\/p>","protected":false},"excerpt":{"rendered":"<p>Peiliukas su lau\u017eoma gele\u017ete 180mm *40mm \/ SK4 plienas<\/p>","protected":false},"featured_media":247493,"comment_status":"open","ping_status":"open","template":"","meta":[],"product_cat":[9736],"product_tag":[9969],"class_list":{"0":"post-247491","1":"product","2":"type-product","3":"status-publish","4":"has-post-thumbnail","6":"product_brand-hogert-technik-vokietija","7":"product_cat-peiliukai-tapetams-geleztes-peiliai","8":"product_tag-hogert-technik-vokietija","10":"first","11":"outofstock","12":"purchasable","13":"product-type-simple"},"jetpack_sharing_enabled":true,"_links":{"self":[{"href":"https:\/\/irankiuzona.lt\/ru\/wp-json\/wp\/v2\/product\/247491","targetHints":{"allow":["GET"]}}],"collection":[{"href":"https:\/\/irankiuzona.lt\/ru\/wp-json\/wp\/v2\/product"}],"about":[{"href":"https:\/\/irankiuzona.lt\/ru\/wp-json\/wp\/v2\/types\/product"}],"replies":[{"embeddable":true,"href":"https:\/\/irankiuzona.lt\/ru\/wp-json\/wp\/v2\/comments?post=247491"}],"version-history":[{"count":1,"href":"https:\/\/irankiuzona.lt\/ru\/wp-json\/wp\/v2\/product\/247491\/revisions"}],"predecessor-version":[{"id":417109,"href":"https:\/\/irankiuzona.lt\/ru\/wp-json\/wp\/v2\/product\/247491\/revisions\/417109"}],"wp:featuredmedia":[{"embeddable":true,"href":"https:\/\/irankiuzona.lt\/ru\/wp-json\/wp\/v2\/media\/247493"}],"wp:attachment":[{"href":"https:\/\/irankiuzona.lt\/ru\/wp-json\/wp\/v2\/media?parent=247491"}],"wp:term":[{"taxonomy":"product_cat","embeddable":true,"href":"https:\/\/irankiuzona.lt\/ru\/wp-json\/wp\/v2\/product_cat?post=247491"},{"taxonomy":"product_tag","embeddable":true,"href":"https:\/\/irankiuzona.lt\/ru\/wp-json\/wp\/v2\/product_tag?post=247491"}],"curies":[{"name":"wp","href":"https:\/\/api.w.org\/{rel}","templated":true}]}}