{"id":247528,"date":"2024-09-29T07:50:21","date_gmt":"2024-09-29T07:50:21","guid":{"rendered":"https:\/\/irankiuzona.lt\/product\/gylio-ribotuvai-8-dalys\/"},"modified":"2026-04-17T22:23:08","modified_gmt":"2026-04-17T22:23:08","slug":"gylio-ribotuvai-8-dalys","status":"publish","type":"product","link":"https:\/\/irankiuzona.lt\/ru\/product\/gylio-ribotuvai-8-dalys\/","title":{"rendered":"Gylio ribotuvai 8 dalys"},"content":{"rendered":"<p>apib\u016bdinimas:tinka vis\u0173 tip\u0173 gr\u0119\u017etuvamsGylio ribotuvo dyd\u017eiai:3 &#8211; 4 &#8211; 5 &#8211; 6 &#8211; 8 &#8211; 10 &#8211; 12 mmHex\u00a0raktas 2,5 mmTechniniai duomenysPakuot\u0117, tinkanti pakabinti ant sienosBendras svoris 40 g<\/p>","protected":false},"excerpt":{"rendered":"<p>Gylio ribotuvai 8 dalys<\/p>","protected":false},"featured_media":247530,"comment_status":"open","ping_status":"open","template":"","meta":[],"product_cat":[10019],"product_tag":[9435],"class_list":{"0":"post-247528","1":"product","2":"type-product","3":"status-publish","4":"has-post-thumbnail","6":"product_brand-kinija","7":"product_cat-kiti-graztai-rankiniai-greztuvai","8":"product_tag-kinija","10":"first","11":"instock","12":"purchasable","13":"product-type-simple"},"jetpack_sharing_enabled":true,"_links":{"self":[{"href":"https:\/\/irankiuzona.lt\/ru\/wp-json\/wp\/v2\/product\/247528","targetHints":{"allow":["GET"]}}],"collection":[{"href":"https:\/\/irankiuzona.lt\/ru\/wp-json\/wp\/v2\/product"}],"about":[{"href":"https:\/\/irankiuzona.lt\/ru\/wp-json\/wp\/v2\/types\/product"}],"replies":[{"embeddable":true,"href":"https:\/\/irankiuzona.lt\/ru\/wp-json\/wp\/v2\/comments?post=247528"}],"version-history":[{"count":1,"href":"https:\/\/irankiuzona.lt\/ru\/wp-json\/wp\/v2\/product\/247528\/revisions"}],"predecessor-version":[{"id":417119,"href":"https:\/\/irankiuzona.lt\/ru\/wp-json\/wp\/v2\/product\/247528\/revisions\/417119"}],"wp:featuredmedia":[{"embeddable":true,"href":"https:\/\/irankiuzona.lt\/ru\/wp-json\/wp\/v2\/media\/247530"}],"wp:attachment":[{"href":"https:\/\/irankiuzona.lt\/ru\/wp-json\/wp\/v2\/media?parent=247528"}],"wp:term":[{"taxonomy":"product_cat","embeddable":true,"href":"https:\/\/irankiuzona.lt\/ru\/wp-json\/wp\/v2\/product_cat?post=247528"},{"taxonomy":"product_tag","embeddable":true,"href":"https:\/\/irankiuzona.lt\/ru\/wp-json\/wp\/v2\/product_tag?post=247528"}],"curies":[{"name":"wp","href":"https:\/\/api.w.org\/{rel}","templated":true}]}}