{"id":247534,"date":"2024-09-29T07:50:22","date_gmt":"2024-09-29T07:50:22","guid":{"rendered":"https:\/\/irankiuzona.lt\/product\/pneumatine-alyva-100ml\/"},"modified":"2026-04-14T14:16:01","modified_gmt":"2026-04-14T14:16:01","slug":"pneumatine-alyva-100ml","status":"publish","type":"product","link":"https:\/\/irankiuzona.lt\/ru\/product\/pneumatine-alyva-100ml\/","title":{"rendered":"Pneumatin\u0117 alyva 100ml"},"content":{"rendered":"","protected":false},"excerpt":{"rendered":"<p>Speciali tepimo alyva, pneumo \u012franki\u0173 tepalas 100ml<\/p>","protected":false},"featured_media":247536,"comment_status":"open","ping_status":"open","template":"","meta":[],"product_cat":[9677],"product_tag":[9845],"class_list":{"0":"post-247534","1":"product","2":"type-product","3":"status-publish","4":"has-post-thumbnail","6":"product_brand-vokietija-germany","7":"product_cat-tepalai-pneumatikai","8":"product_tag-vokietija-germany","10":"first","11":"instock","12":"purchasable","13":"product-type-simple"},"jetpack_sharing_enabled":true,"_links":{"self":[{"href":"https:\/\/irankiuzona.lt\/ru\/wp-json\/wp\/v2\/product\/247534","targetHints":{"allow":["GET"]}}],"collection":[{"href":"https:\/\/irankiuzona.lt\/ru\/wp-json\/wp\/v2\/product"}],"about":[{"href":"https:\/\/irankiuzona.lt\/ru\/wp-json\/wp\/v2\/types\/product"}],"replies":[{"embeddable":true,"href":"https:\/\/irankiuzona.lt\/ru\/wp-json\/wp\/v2\/comments?post=247534"}],"version-history":[{"count":1,"href":"https:\/\/irankiuzona.lt\/ru\/wp-json\/wp\/v2\/product\/247534\/revisions"}],"predecessor-version":[{"id":417121,"href":"https:\/\/irankiuzona.lt\/ru\/wp-json\/wp\/v2\/product\/247534\/revisions\/417121"}],"wp:featuredmedia":[{"embeddable":true,"href":"https:\/\/irankiuzona.lt\/ru\/wp-json\/wp\/v2\/media\/247536"}],"wp:attachment":[{"href":"https:\/\/irankiuzona.lt\/ru\/wp-json\/wp\/v2\/media?parent=247534"}],"wp:term":[{"taxonomy":"product_cat","embeddable":true,"href":"https:\/\/irankiuzona.lt\/ru\/wp-json\/wp\/v2\/product_cat?post=247534"},{"taxonomy":"product_tag","embeddable":true,"href":"https:\/\/irankiuzona.lt\/ru\/wp-json\/wp\/v2\/product_tag?post=247534"}],"curies":[{"name":"wp","href":"https:\/\/api.w.org\/{rel}","templated":true}]}}