{"id":247560,"date":"2024-09-29T07:50:24","date_gmt":"2024-09-29T07:50:24","guid":{"rendered":"https:\/\/irankiuzona.lt\/product\/smugine-galvute-1-2-e20-e-profil\/"},"modified":"2026-04-06T21:17:54","modified_gmt":"2026-04-06T21:17:54","slug":"smugine-galvute-1-2-e20-e-profil","status":"publish","type":"product","link":"https:\/\/irankiuzona.lt\/ru\/product\/smugine-galvute-1-2-e20-e-profil\/","title":{"rendered":"Sm\u016bgin\u0117 galvut\u0117 1\/2&quot; E20 (E-profil)"},"content":{"rendered":"","protected":false},"excerpt":{"rendered":"<p>Galvut\u0117 1\/2&quot; E20 Cr-Mo \/ E-profil<\/p>","protected":false},"featured_media":247562,"comment_status":"open","ping_status":"open","template":"","meta":[],"product_cat":[9743],"product_tag":[9778],"class_list":{"0":"post-247560","1":"product","2":"type-product","3":"status-publish","4":"has-post-thumbnail","6":"product_brand-triumf-professional-tools-slovakija","7":"product_cat-cr-mo-smugines-galvutes-e-profil-torx","8":"product_tag-triumf-professional-tools-slovakija","10":"first","11":"outofstock","12":"purchasable","13":"product-type-simple"},"jetpack_sharing_enabled":true,"_links":{"self":[{"href":"https:\/\/irankiuzona.lt\/ru\/wp-json\/wp\/v2\/product\/247560","targetHints":{"allow":["GET"]}}],"collection":[{"href":"https:\/\/irankiuzona.lt\/ru\/wp-json\/wp\/v2\/product"}],"about":[{"href":"https:\/\/irankiuzona.lt\/ru\/wp-json\/wp\/v2\/types\/product"}],"replies":[{"embeddable":true,"href":"https:\/\/irankiuzona.lt\/ru\/wp-json\/wp\/v2\/comments?post=247560"}],"version-history":[{"count":0,"href":"https:\/\/irankiuzona.lt\/ru\/wp-json\/wp\/v2\/product\/247560\/revisions"}],"wp:featuredmedia":[{"embeddable":true,"href":"https:\/\/irankiuzona.lt\/ru\/wp-json\/wp\/v2\/media\/247562"}],"wp:attachment":[{"href":"https:\/\/irankiuzona.lt\/ru\/wp-json\/wp\/v2\/media?parent=247560"}],"wp:term":[{"taxonomy":"product_cat","embeddable":true,"href":"https:\/\/irankiuzona.lt\/ru\/wp-json\/wp\/v2\/product_cat?post=247560"},{"taxonomy":"product_tag","embeddable":true,"href":"https:\/\/irankiuzona.lt\/ru\/wp-json\/wp\/v2\/product_tag?post=247560"}],"curies":[{"name":"wp","href":"https:\/\/api.w.org\/{rel}","templated":true}]}}