{"id":247617,"date":"2024-09-29T07:50:29","date_gmt":"2024-09-29T07:50:29","guid":{"rendered":"https:\/\/irankiuzona.lt\/product\/sepetys-plastikine-rankena-5-eiliu\/"},"modified":"2026-04-03T16:54:54","modified_gmt":"2026-04-03T16:54:54","slug":"sepetys-plastikine-rankena-5-eiliu","status":"publish","type":"product","link":"https:\/\/irankiuzona.lt\/ru\/product\/sepetys-plastikine-rankena-5-eiliu\/","title":{"rendered":"\u0160epetys plastikine rankena,  5-eili\u0173"},"content":{"rendered":"","protected":false},"excerpt":{"rendered":"<p>\u0160epetys plastikine rankena,\u00a0 5-eili\u0173<\/p>","protected":false},"featured_media":247619,"comment_status":"open","ping_status":"open","template":"","meta":[],"product_cat":[9609],"product_tag":[9435],"class_list":{"0":"post-247617","1":"product","2":"type-product","3":"status-publish","4":"has-post-thumbnail","6":"product_brand-kinija","7":"product_cat-rankiniai-sepeciai","8":"product_tag-kinija","10":"first","11":"outofstock","12":"purchasable","13":"product-type-simple"},"jetpack_sharing_enabled":true,"_links":{"self":[{"href":"https:\/\/irankiuzona.lt\/ru\/wp-json\/wp\/v2\/product\/247617","targetHints":{"allow":["GET"]}}],"collection":[{"href":"https:\/\/irankiuzona.lt\/ru\/wp-json\/wp\/v2\/product"}],"about":[{"href":"https:\/\/irankiuzona.lt\/ru\/wp-json\/wp\/v2\/types\/product"}],"replies":[{"embeddable":true,"href":"https:\/\/irankiuzona.lt\/ru\/wp-json\/wp\/v2\/comments?post=247617"}],"version-history":[{"count":0,"href":"https:\/\/irankiuzona.lt\/ru\/wp-json\/wp\/v2\/product\/247617\/revisions"}],"wp:featuredmedia":[{"embeddable":true,"href":"https:\/\/irankiuzona.lt\/ru\/wp-json\/wp\/v2\/media\/247619"}],"wp:attachment":[{"href":"https:\/\/irankiuzona.lt\/ru\/wp-json\/wp\/v2\/media?parent=247617"}],"wp:term":[{"taxonomy":"product_cat","embeddable":true,"href":"https:\/\/irankiuzona.lt\/ru\/wp-json\/wp\/v2\/product_cat?post=247617"},{"taxonomy":"product_tag","embeddable":true,"href":"https:\/\/irankiuzona.lt\/ru\/wp-json\/wp\/v2\/product_tag?post=247617"}],"curies":[{"name":"wp","href":"https:\/\/api.w.org\/{rel}","templated":true}]}}