{"id":247664,"date":"2024-09-29T07:50:34","date_gmt":"2024-09-29T07:50:34","guid":{"rendered":"https:\/\/irankiuzona.lt\/product\/grezimo-karuna-betonui-ir-murui-30-mm\/"},"modified":"2026-04-21T01:49:22","modified_gmt":"2026-04-21T01:49:22","slug":"grezimo-karuna-betonui-ir-murui-30-mm","status":"publish","type":"product","link":"https:\/\/irankiuzona.lt\/ru\/product\/grezimo-karuna-betonui-ir-murui-30-mm\/","title":{"rendered":"Gr\u0119\u017eimo kar\u016bna betonui ir m\u016brui 30 mm"},"content":{"rendered":"<p>Kar\u016bnos diametras: 30\u00a0mm<br \/>\nKar\u016bnos skyl\u0117s sriegis: M22<\/p>","protected":false},"excerpt":{"rendered":"<p>Gr\u0119\u017eimo kar\u016bna betonui ir m\u016brui 30 mm<\/p>","protected":false},"featured_media":247666,"comment_status":"open","ping_status":"open","template":"","meta":[],"product_cat":[9642],"product_tag":[9628],"class_list":{"0":"post-247664","1":"product","2":"type-product","3":"status-publish","4":"has-post-thumbnail","6":"product_brand-condor-lenkija","7":"product_cat-grezimo-karunos-betonui-murui","8":"product_tag-condor-lenkija","10":"first","11":"instock","12":"purchasable","13":"product-type-simple"},"jetpack_sharing_enabled":true,"_links":{"self":[{"href":"https:\/\/irankiuzona.lt\/ru\/wp-json\/wp\/v2\/product\/247664","targetHints":{"allow":["GET"]}}],"collection":[{"href":"https:\/\/irankiuzona.lt\/ru\/wp-json\/wp\/v2\/product"}],"about":[{"href":"https:\/\/irankiuzona.lt\/ru\/wp-json\/wp\/v2\/types\/product"}],"replies":[{"embeddable":true,"href":"https:\/\/irankiuzona.lt\/ru\/wp-json\/wp\/v2\/comments?post=247664"}],"version-history":[{"count":1,"href":"https:\/\/irankiuzona.lt\/ru\/wp-json\/wp\/v2\/product\/247664\/revisions"}],"predecessor-version":[{"id":417163,"href":"https:\/\/irankiuzona.lt\/ru\/wp-json\/wp\/v2\/product\/247664\/revisions\/417163"}],"wp:featuredmedia":[{"embeddable":true,"href":"https:\/\/irankiuzona.lt\/ru\/wp-json\/wp\/v2\/media\/247666"}],"wp:attachment":[{"href":"https:\/\/irankiuzona.lt\/ru\/wp-json\/wp\/v2\/media?parent=247664"}],"wp:term":[{"taxonomy":"product_cat","embeddable":true,"href":"https:\/\/irankiuzona.lt\/ru\/wp-json\/wp\/v2\/product_cat?post=247664"},{"taxonomy":"product_tag","embeddable":true,"href":"https:\/\/irankiuzona.lt\/ru\/wp-json\/wp\/v2\/product_tag?post=247664"}],"curies":[{"name":"wp","href":"https:\/\/api.w.org\/{rel}","templated":true}]}}