{"id":247667,"date":"2024-09-29T07:50:34","date_gmt":"2024-09-29T07:50:34","guid":{"rendered":"https:\/\/irankiuzona.lt\/product\/grezimo-karuna-betonui-ir-murui-35-mm\/"},"modified":"2026-04-21T03:40:54","modified_gmt":"2026-04-21T03:40:54","slug":"grezimo-karuna-betonui-ir-murui-35-mm","status":"publish","type":"product","link":"https:\/\/irankiuzona.lt\/ru\/product\/grezimo-karuna-betonui-ir-murui-35-mm\/","title":{"rendered":"Gr\u0119\u017eimo kar\u016bna betonui ir m\u016brui 35 mm"},"content":{"rendered":"<p>Kar\u016bnos diametras: 35\u00a0mm<br \/>\nKar\u016bnos skyl\u0117s sriegis: M22<\/p>","protected":false},"excerpt":{"rendered":"<p>Gr\u0119\u017eimo kar\u016bna betonui ir m\u016brui 35 mm<\/p>","protected":false},"featured_media":247669,"comment_status":"open","ping_status":"open","template":"","meta":[],"product_cat":[9642],"product_tag":[9628],"class_list":{"0":"post-247667","1":"product","2":"type-product","3":"status-publish","4":"has-post-thumbnail","6":"product_brand-condor-lenkija","7":"product_cat-grezimo-karunos-betonui-murui","8":"product_tag-condor-lenkija","10":"first","11":"instock","12":"purchasable","13":"product-type-simple"},"jetpack_sharing_enabled":true,"_links":{"self":[{"href":"https:\/\/irankiuzona.lt\/ru\/wp-json\/wp\/v2\/product\/247667","targetHints":{"allow":["GET"]}}],"collection":[{"href":"https:\/\/irankiuzona.lt\/ru\/wp-json\/wp\/v2\/product"}],"about":[{"href":"https:\/\/irankiuzona.lt\/ru\/wp-json\/wp\/v2\/types\/product"}],"replies":[{"embeddable":true,"href":"https:\/\/irankiuzona.lt\/ru\/wp-json\/wp\/v2\/comments?post=247667"}],"version-history":[{"count":1,"href":"https:\/\/irankiuzona.lt\/ru\/wp-json\/wp\/v2\/product\/247667\/revisions"}],"predecessor-version":[{"id":417164,"href":"https:\/\/irankiuzona.lt\/ru\/wp-json\/wp\/v2\/product\/247667\/revisions\/417164"}],"wp:featuredmedia":[{"embeddable":true,"href":"https:\/\/irankiuzona.lt\/ru\/wp-json\/wp\/v2\/media\/247669"}],"wp:attachment":[{"href":"https:\/\/irankiuzona.lt\/ru\/wp-json\/wp\/v2\/media?parent=247667"}],"wp:term":[{"taxonomy":"product_cat","embeddable":true,"href":"https:\/\/irankiuzona.lt\/ru\/wp-json\/wp\/v2\/product_cat?post=247667"},{"taxonomy":"product_tag","embeddable":true,"href":"https:\/\/irankiuzona.lt\/ru\/wp-json\/wp\/v2\/product_tag?post=247667"}],"curies":[{"name":"wp","href":"https:\/\/api.w.org\/{rel}","templated":true}]}}