{"id":247679,"date":"2024-09-29T07:50:35","date_gmt":"2024-09-29T07:50:35","guid":{"rendered":"https:\/\/irankiuzona.lt\/product\/sraigtinis-polis-terasoms-68mm-x-580mm\/"},"modified":"2026-04-21T08:10:03","modified_gmt":"2026-04-21T08:10:03","slug":"sraigtinis-polis-terasoms-68mm-x-580mm","status":"publish","type":"product","link":"https:\/\/irankiuzona.lt\/ru\/product\/sraigtinis-polis-terasoms-68mm-x-580mm\/","title":{"rendered":"Sraigtinis polis terasoms \/ 68mm x 580mm"},"content":{"rendered":"","protected":false},"excerpt":{"rendered":"<p>\u017dem\u0117s gr\u0105\u017etas &#8211; var\u017etas 68 x 580 mm \/ gr\u0105\u017etas saul\u0117s baterijai<\/p>","protected":false},"featured_media":247681,"comment_status":"open","ping_status":"open","template":"","meta":[],"product_cat":[9944],"product_tag":[9646],"class_list":{"0":"post-247679","1":"product","2":"type-product","3":"status-publish","4":"has-post-thumbnail","6":"product_brand-drel-lenkija","7":"product_cat-sodo-darzo-irankiai","8":"product_tag-drel-lenkija","10":"first","11":"instock","12":"purchasable","13":"product-type-simple"},"jetpack_sharing_enabled":true,"_links":{"self":[{"href":"https:\/\/irankiuzona.lt\/ru\/wp-json\/wp\/v2\/product\/247679","targetHints":{"allow":["GET"]}}],"collection":[{"href":"https:\/\/irankiuzona.lt\/ru\/wp-json\/wp\/v2\/product"}],"about":[{"href":"https:\/\/irankiuzona.lt\/ru\/wp-json\/wp\/v2\/types\/product"}],"replies":[{"embeddable":true,"href":"https:\/\/irankiuzona.lt\/ru\/wp-json\/wp\/v2\/comments?post=247679"}],"version-history":[{"count":1,"href":"https:\/\/irankiuzona.lt\/ru\/wp-json\/wp\/v2\/product\/247679\/revisions"}],"predecessor-version":[{"id":417168,"href":"https:\/\/irankiuzona.lt\/ru\/wp-json\/wp\/v2\/product\/247679\/revisions\/417168"}],"wp:featuredmedia":[{"embeddable":true,"href":"https:\/\/irankiuzona.lt\/ru\/wp-json\/wp\/v2\/media\/247681"}],"wp:attachment":[{"href":"https:\/\/irankiuzona.lt\/ru\/wp-json\/wp\/v2\/media?parent=247679"}],"wp:term":[{"taxonomy":"product_cat","embeddable":true,"href":"https:\/\/irankiuzona.lt\/ru\/wp-json\/wp\/v2\/product_cat?post=247679"},{"taxonomy":"product_tag","embeddable":true,"href":"https:\/\/irankiuzona.lt\/ru\/wp-json\/wp\/v2\/product_tag?post=247679"}],"curies":[{"name":"wp","href":"https:\/\/api.w.org\/{rel}","templated":true}]}}