{"id":247682,"date":"2024-09-29T07:50:35","date_gmt":"2024-09-29T07:50:35","guid":{"rendered":"https:\/\/irankiuzona.lt\/product\/sraigtinis-polis-terasoms-68mm-x-690mm\/"},"modified":"2026-04-21T09:47:37","modified_gmt":"2026-04-21T09:47:37","slug":"sraigtinis-polis-terasoms-68mm-x-690mm","status":"publish","type":"product","link":"https:\/\/irankiuzona.lt\/ru\/product\/sraigtinis-polis-terasoms-68mm-x-690mm\/","title":{"rendered":"Sraigtinis polis terasoms \/ 68mm x 690mm"},"content":{"rendered":"","protected":false},"excerpt":{"rendered":"<p>\u017dem\u0117s gr\u0105\u017etas &#8211; var\u017etas 68 x 690 mm \/ gr\u0105\u017etas saul\u0117s baterijai<\/p>","protected":false},"featured_media":247684,"comment_status":"open","ping_status":"open","template":"","meta":[],"product_cat":[9944],"product_tag":[9646],"class_list":{"0":"post-247682","1":"product","2":"type-product","3":"status-publish","4":"has-post-thumbnail","6":"product_brand-drel-lenkija","7":"product_cat-sodo-darzo-irankiai","8":"product_tag-drel-lenkija","10":"first","11":"instock","12":"purchasable","13":"product-type-simple"},"jetpack_sharing_enabled":true,"_links":{"self":[{"href":"https:\/\/irankiuzona.lt\/ru\/wp-json\/wp\/v2\/product\/247682","targetHints":{"allow":["GET"]}}],"collection":[{"href":"https:\/\/irankiuzona.lt\/ru\/wp-json\/wp\/v2\/product"}],"about":[{"href":"https:\/\/irankiuzona.lt\/ru\/wp-json\/wp\/v2\/types\/product"}],"replies":[{"embeddable":true,"href":"https:\/\/irankiuzona.lt\/ru\/wp-json\/wp\/v2\/comments?post=247682"}],"version-history":[{"count":1,"href":"https:\/\/irankiuzona.lt\/ru\/wp-json\/wp\/v2\/product\/247682\/revisions"}],"predecessor-version":[{"id":417169,"href":"https:\/\/irankiuzona.lt\/ru\/wp-json\/wp\/v2\/product\/247682\/revisions\/417169"}],"wp:featuredmedia":[{"embeddable":true,"href":"https:\/\/irankiuzona.lt\/ru\/wp-json\/wp\/v2\/media\/247684"}],"wp:attachment":[{"href":"https:\/\/irankiuzona.lt\/ru\/wp-json\/wp\/v2\/media?parent=247682"}],"wp:term":[{"taxonomy":"product_cat","embeddable":true,"href":"https:\/\/irankiuzona.lt\/ru\/wp-json\/wp\/v2\/product_cat?post=247682"},{"taxonomy":"product_tag","embeddable":true,"href":"https:\/\/irankiuzona.lt\/ru\/wp-json\/wp\/v2\/product_tag?post=247682"}],"curies":[{"name":"wp","href":"https:\/\/api.w.org\/{rel}","templated":true}]}}