{"id":247700,"date":"2024-09-29T07:50:37","date_gmt":"2024-09-29T07:50:37","guid":{"rendered":"https:\/\/irankiuzona.lt\/product\/ikraunama-siaura-lempa-cob-led-3w\/"},"modified":"2026-05-14T17:01:46","modified_gmt":"2026-05-14T17:01:46","slug":"ikraunama-siaura-lempa-cob-led-3w","status":"publish","type":"product","link":"https:\/\/irankiuzona.lt\/ru\/product\/ikraunama-siaura-lempa-cob-led-3w\/","title":{"rendered":"\u012ekraunama siaura lempa COB-LED 3W"},"content":{"rendered":"<p>R\u0117\u017eimai: COB LED stiprus ir silpnas bei TOP LEDKrovimo laikas 2.5 valVeikimo laikas COB LED stipriame r\u0117\u017eime &#8211; 1.5 val, COB LED silpname r\u0117\u017eime &#8211; 7 val, TOP LED &#8211; 2 val\u0160viesos srautas COB LED stipriame r\u0117\u017eime &#8211; 200 lm, COB LED silpname r\u0117\u017eime &#8211; 60 lm, TOP LED &#8211; 200 lmApsaugos laipsnis IPX3Akumuliatorius 3.7 V 750 mAh-Li\u012ekrovimas tik per USB jungt\u012f<\/p>","protected":false},"excerpt":{"rendered":"<p>Pro\u017eektorius darbui siauras COB-LED 3W + lazeris \/ \u012fkraunamas<\/p>","protected":false},"featured_media":247702,"comment_status":"open","ping_status":"open","template":"","meta":[],"product_cat":[9854],"product_tag":[9435],"class_list":{"0":"post-247700","1":"product","2":"type-product","3":"status-publish","4":"has-post-thumbnail","6":"product_brand-kinija","7":"product_cat-lempos-ikraunamos","8":"product_tag-kinija","10":"first","11":"instock","12":"purchasable","13":"product-type-simple"},"jetpack_sharing_enabled":true,"_links":{"self":[{"href":"https:\/\/irankiuzona.lt\/ru\/wp-json\/wp\/v2\/product\/247700","targetHints":{"allow":["GET"]}}],"collection":[{"href":"https:\/\/irankiuzona.lt\/ru\/wp-json\/wp\/v2\/product"}],"about":[{"href":"https:\/\/irankiuzona.lt\/ru\/wp-json\/wp\/v2\/types\/product"}],"replies":[{"embeddable":true,"href":"https:\/\/irankiuzona.lt\/ru\/wp-json\/wp\/v2\/comments?post=247700"}],"version-history":[{"count":1,"href":"https:\/\/irankiuzona.lt\/ru\/wp-json\/wp\/v2\/product\/247700\/revisions"}],"predecessor-version":[{"id":417175,"href":"https:\/\/irankiuzona.lt\/ru\/wp-json\/wp\/v2\/product\/247700\/revisions\/417175"}],"wp:featuredmedia":[{"embeddable":true,"href":"https:\/\/irankiuzona.lt\/ru\/wp-json\/wp\/v2\/media\/247702"}],"wp:attachment":[{"href":"https:\/\/irankiuzona.lt\/ru\/wp-json\/wp\/v2\/media?parent=247700"}],"wp:term":[{"taxonomy":"product_cat","embeddable":true,"href":"https:\/\/irankiuzona.lt\/ru\/wp-json\/wp\/v2\/product_cat?post=247700"},{"taxonomy":"product_tag","embeddable":true,"href":"https:\/\/irankiuzona.lt\/ru\/wp-json\/wp\/v2\/product_tag?post=247700"}],"curies":[{"name":"wp","href":"https:\/\/api.w.org\/{rel}","templated":true}]}}