{"id":247709,"date":"2024-09-29T07:50:38","date_gmt":"2024-09-29T07:50:38","guid":{"rendered":"https:\/\/irankiuzona.lt\/product\/stabdziu-vamzdeliu-pjoviklis-terkslinis-o-4-75-mm\/"},"modified":"2026-04-10T20:59:42","modified_gmt":"2026-04-10T20:59:42","slug":"stabdziu-vamzdeliu-pjoviklis-terkslinis-o-4-75-mm","status":"publish","type":"product","link":"https:\/\/irankiuzona.lt\/ru\/product\/stabdziu-vamzdeliu-pjoviklis-terkslinis-o-4-75-mm\/","title":{"rendered":"Stabd\u017ei\u0173 vamzdeli\u0173 pjoviklis terk\u0161linis \/ \u00f8 4.75 mm"},"content":{"rendered":"<p>Brake Pipe Ratchet Cutter<\/p>\n<p>for quick and easy cutting of brake pipes with \u00f8 4.75 mm<br \/>\ncompact design and ratchet function for use in narrow spaces<br \/>\nautomatic adjustment of blade contact pressure enables cutting without tiresome adjustment of clamping screw<br \/>\nspare blade available under No. 5737-01<\/p>","protected":false},"excerpt":{"rendered":"<p>Stabd\u017ei\u0173 vamzdeli\u0173 pjoviklis terk\u0161linis \/ iki \u00f84.75mm<\/p>","protected":false},"featured_media":247711,"comment_status":"open","ping_status":"open","template":"","meta":[],"product_cat":[9678],"product_tag":[9462],"class_list":{"0":"post-247709","1":"product","2":"type-product","3":"status-publish","4":"has-post-thumbnail","6":"product_brand-condor-werkzeug-vokietija","7":"product_cat-vamzdeliu-pjovimui","8":"product_tag-condor-werkzeug-vokietija","10":"first","11":"instock","12":"purchasable","13":"product-type-simple"},"jetpack_sharing_enabled":true,"_links":{"self":[{"href":"https:\/\/irankiuzona.lt\/ru\/wp-json\/wp\/v2\/product\/247709","targetHints":{"allow":["GET"]}}],"collection":[{"href":"https:\/\/irankiuzona.lt\/ru\/wp-json\/wp\/v2\/product"}],"about":[{"href":"https:\/\/irankiuzona.lt\/ru\/wp-json\/wp\/v2\/types\/product"}],"replies":[{"embeddable":true,"href":"https:\/\/irankiuzona.lt\/ru\/wp-json\/wp\/v2\/comments?post=247709"}],"version-history":[{"count":1,"href":"https:\/\/irankiuzona.lt\/ru\/wp-json\/wp\/v2\/product\/247709\/revisions"}],"predecessor-version":[{"id":417178,"href":"https:\/\/irankiuzona.lt\/ru\/wp-json\/wp\/v2\/product\/247709\/revisions\/417178"}],"wp:featuredmedia":[{"embeddable":true,"href":"https:\/\/irankiuzona.lt\/ru\/wp-json\/wp\/v2\/media\/247711"}],"wp:attachment":[{"href":"https:\/\/irankiuzona.lt\/ru\/wp-json\/wp\/v2\/media?parent=247709"}],"wp:term":[{"taxonomy":"product_cat","embeddable":true,"href":"https:\/\/irankiuzona.lt\/ru\/wp-json\/wp\/v2\/product_cat?post=247709"},{"taxonomy":"product_tag","embeddable":true,"href":"https:\/\/irankiuzona.lt\/ru\/wp-json\/wp\/v2\/product_tag?post=247709"}],"curies":[{"name":"wp","href":"https:\/\/api.w.org\/{rel}","templated":true}]}}