{"id":247792,"date":"2024-09-29T07:50:46","date_gmt":"2024-09-29T07:50:46","guid":{"rendered":"https:\/\/irankiuzona.lt\/product\/universalus-irankiu-komplektas-1-43-81-2-crv-cr-mo-su-priedais-131-dalies-hoegert-ht1r439\/"},"modified":"2026-04-24T16:59:39","modified_gmt":"2026-04-24T16:59:39","slug":"universalus-irankiu-komplektas-1-43-81-2-crv-cr-mo-su-priedais-131-dalies-hoegert-ht1r439","status":"publish","type":"product","link":"https:\/\/irankiuzona.lt\/ru\/product\/universalus-irankiu-komplektas-1-43-81-2-crv-cr-mo-su-priedais-131-dalies-hoegert-ht1r439\/","title":{"rendered":"Universalus \u012franki\u0173 komplektas 1\/4+3\/8+1\/2 CrV Cr-Mo su priedais \/ 131 dalies HOEGERT HT1R439"},"content":{"rendered":"<p>\u201eHoegert Technik\u201c yra modernus ir dinami\u0161kai besivystantis profesionali\u0173 rankini\u0173 \u012franki\u0173 gamintojas. M\u016bs\u0173 produktai buvo sukurti intensyviam naudojimui ypatingai reikliems klientams. Hoegert Technik &#8211; patikimumas ir ilgaam\u017ei\u0161kumas. Technin\u0117 charakteristika: &#8211; galvut\u0117s, antgaliai ir priedai pagaminti i\u0161 kokybi\u0161ko CrV plieno lydinio; &#8211; atspar\u016bs intensyvioms apkrovoms; pagaminti \u0161tampuojant; &#8211; terk\u0161l\u0117 su 72 dantukais pagaminta i\u0161 CrMo plieno lydinio, d\u0117l kurio mechanizmas yra patikimesnis ir patvaresnis; &#8211; rinkinys yra dviej\u0173 spalv\u0173 d\u0117kle su metaliniais u\u017eraktais ir vyriais; &#8211; prakti\u0161ka ir patogu sud\u0117ti rinkinio dalis \u012f j\u0173 vietas. Rinkinyje yra: Galvut\u0117s 1\/4: 4, 4.5, 5, 5.5, 6, 7, 8, 9, 10, 11, 12, 13, 14 mm. Prailgintos galvut\u0117s 1\/4\u201c: 6,7,8,9,10,11,12,13 mm. \u017dvaig\u017edin\u0117s galvut\u0117s torx 1\/4\u201c: E4, E5, E6, E7, E8. Antgali\u0173 laikiklis suktukui 1\/4; prailgintuvas 1\/4: 75mm; Lankstus prailgintojas 150mm 1\/4; T formos slankiojanti jungtis 1\/4\u201c 115 mm; Atsuktuvas-ranken\u0117l\u0117 1\/4\u201c 150 mm; Galvu\u010di\u0173 laikiklis 1\/4\u201c, skirtas atsuktuvui, 30 mm; Kardaninis sujungimas 1\/4. Atsuktuvo antgaliai bit&#8217;ai 1\/4\u201c, 25 mm: SL3, SL4, SL4,5, SL5, SL5.5, SL6, SL7 mm ; PH0, PH1, PH2, PH3, PH4; PZ0, PZ1, PZ2, PZ3, PZ4; T10, T15, T20, T25, T27, T30; H1,5, H2, H2,5, H3, H4, H5, H6; Terk\u0161l\u0117 1\/4\u201c su 72 dantukais. Galvut\u0117s 3\/8\u201c: 13, 14, 15, 16, 17, 18, 19 mm. Prailgintos galvut\u0117s 3\/8\u201c: 13, 14, 15 mm. \u017dvaig\u017etutin\u0117s galvut\u0117s 3\/8: E10, E11, E12, E14, E16, E18. Per\u0117jimas i\u0161 3\/8 \u012f 1\/4; 150mm prailgintuvas 3\/8; Kardanin\u0117 sujungimas 3\/8; Terk\u0161l\u0117 3\/8 su 72 dantukais. Galvut\u0117s 1\/2\u201c: 20, 21, 22, 24, 27, 30, 32 mm. Prailgintos galvut\u0117s 1\/2\u201c: 15, 17, 19 mm. \u017dvaig\u017edutin\u0117s galvut\u0117s 1\/2 : E20, E22, E24. \u0160e\u0161iakamp\u0117s, prailgintos galvut\u0117s \u017evak\u0117ms 1\/2\u201c: 16 \/ 21 mm. prailgintuvai 1\/2 : 127, 254mm Slankiojantis per\u0117jimas 1\/2 prailgintuvui; Kardaninis sujungimas 1\/2;<\/p>","protected":false},"excerpt":{"rendered":"<p>Universalus \u012franki\u0173 komplektas su raktais, repl\u0117mis ir plaktuku \/ CrV CR-Mo \/ 131 dalies<\/p>","protected":false},"featured_media":247794,"comment_status":"open","ping_status":"open","template":"","meta":[],"product_cat":[9612],"product_tag":[9969],"class_list":{"0":"post-247792","1":"product","2":"type-product","3":"status-publish","4":"has-post-thumbnail","6":"product_brand-hogert-technik-vokietija","7":"product_cat-irankiu-komplektai-su-priedais","8":"product_tag-hogert-technik-vokietija","10":"first","11":"instock","12":"purchasable","13":"product-type-simple"},"jetpack_sharing_enabled":true,"_links":{"self":[{"href":"https:\/\/irankiuzona.lt\/ru\/wp-json\/wp\/v2\/product\/247792","targetHints":{"allow":["GET"]}}],"collection":[{"href":"https:\/\/irankiuzona.lt\/ru\/wp-json\/wp\/v2\/product"}],"about":[{"href":"https:\/\/irankiuzona.lt\/ru\/wp-json\/wp\/v2\/types\/product"}],"replies":[{"embeddable":true,"href":"https:\/\/irankiuzona.lt\/ru\/wp-json\/wp\/v2\/comments?post=247792"}],"version-history":[{"count":1,"href":"https:\/\/irankiuzona.lt\/ru\/wp-json\/wp\/v2\/product\/247792\/revisions"}],"predecessor-version":[{"id":417206,"href":"https:\/\/irankiuzona.lt\/ru\/wp-json\/wp\/v2\/product\/247792\/revisions\/417206"}],"wp:featuredmedia":[{"embeddable":true,"href":"https:\/\/irankiuzona.lt\/ru\/wp-json\/wp\/v2\/media\/247794"}],"wp:attachment":[{"href":"https:\/\/irankiuzona.lt\/ru\/wp-json\/wp\/v2\/media?parent=247792"}],"wp:term":[{"taxonomy":"product_cat","embeddable":true,"href":"https:\/\/irankiuzona.lt\/ru\/wp-json\/wp\/v2\/product_cat?post=247792"},{"taxonomy":"product_tag","embeddable":true,"href":"https:\/\/irankiuzona.lt\/ru\/wp-json\/wp\/v2\/product_tag?post=247792"}],"curies":[{"name":"wp","href":"https:\/\/api.w.org\/{rel}","templated":true}]}}