{"id":247944,"date":"2024-09-29T07:51:02","date_gmt":"2024-09-29T07:51:02","guid":{"rendered":"https:\/\/irankiuzona.lt\/product\/gelezte-siaurapjukliui-metalui-75mm\/"},"modified":"2026-05-09T07:22:54","modified_gmt":"2026-05-09T07:22:54","slug":"gelezte-siaurapjukliui-metalui-75mm","status":"publish","type":"product","link":"https:\/\/irankiuzona.lt\/ru\/product\/gelezte-siaurapjukliui-metalui-75mm\/","title":{"rendered":"Gele\u017et\u0117 siaurapj\u016bkliui, metalui \/ 75mm"},"content":{"rendered":"<p>JIG SAW BLADESSpecial aluminium. Fast, straight cut in metal, non-ferrous metal, fiberglass.<\/p>","protected":false},"excerpt":{"rendered":"<p>Gele\u017et\u0117 siaurapj\u016bkliui, metalui HSS \/ 75mm ilgis<\/p>","protected":false},"featured_media":247946,"comment_status":"open","ping_status":"open","template":"","meta":[],"product_cat":[9632],"product_tag":[9478],"class_list":{"0":"post-247944","1":"product","2":"type-product","3":"status-publish","4":"has-post-thumbnail","6":"product_brand-leman-prancuzija","7":"product_cat-geleztes-metalui","8":"product_tag-leman-prancuzija","10":"first","11":"instock","12":"purchasable","13":"product-type-simple"},"jetpack_sharing_enabled":true,"_links":{"self":[{"href":"https:\/\/irankiuzona.lt\/ru\/wp-json\/wp\/v2\/product\/247944","targetHints":{"allow":["GET"]}}],"collection":[{"href":"https:\/\/irankiuzona.lt\/ru\/wp-json\/wp\/v2\/product"}],"about":[{"href":"https:\/\/irankiuzona.lt\/ru\/wp-json\/wp\/v2\/types\/product"}],"replies":[{"embeddable":true,"href":"https:\/\/irankiuzona.lt\/ru\/wp-json\/wp\/v2\/comments?post=247944"}],"version-history":[{"count":1,"href":"https:\/\/irankiuzona.lt\/ru\/wp-json\/wp\/v2\/product\/247944\/revisions"}],"predecessor-version":[{"id":417252,"href":"https:\/\/irankiuzona.lt\/ru\/wp-json\/wp\/v2\/product\/247944\/revisions\/417252"}],"wp:featuredmedia":[{"embeddable":true,"href":"https:\/\/irankiuzona.lt\/ru\/wp-json\/wp\/v2\/media\/247946"}],"wp:attachment":[{"href":"https:\/\/irankiuzona.lt\/ru\/wp-json\/wp\/v2\/media?parent=247944"}],"wp:term":[{"taxonomy":"product_cat","embeddable":true,"href":"https:\/\/irankiuzona.lt\/ru\/wp-json\/wp\/v2\/product_cat?post=247944"},{"taxonomy":"product_tag","embeddable":true,"href":"https:\/\/irankiuzona.lt\/ru\/wp-json\/wp\/v2\/product_tag?post=247944"}],"curies":[{"name":"wp","href":"https:\/\/api.w.org\/{rel}","templated":true}]}}