{"id":247971,"date":"2024-09-29T08:00:08","date_gmt":"2024-09-29T08:00:08","guid":{"rendered":"https:\/\/irankiuzona.lt\/product\/pneumatinis-greztuvas-iki-10mm-hogert-ht4r635\/"},"modified":"2026-04-14T21:19:18","modified_gmt":"2026-04-14T21:19:18","slug":"pneumatinis-greztuvas-iki-10mm-hogert-ht4r635","status":"publish","type":"product","link":"https:\/\/irankiuzona.lt\/ru\/product\/pneumatinis-greztuvas-iki-10mm-hogert-ht4r635\/","title":{"rendered":"Pneumatinis gr\u0119\u017etuvas, iki 10mm, HOGERT HT4R635"},"content":{"rendered":"<p>Gr\u0105\u017eto diametras: max iki 10mmIlgis: 193mmOro sunaudojimas: 142 l\/minMax 0,62 MPa \/ 90 PSIMax 1800 R.P.M.<\/p>","protected":false},"excerpt":{"rendered":"<p>Pneumatinis gr\u0119\u017etuvas \/ max 10mm gr\u0105\u017etai<\/p>","protected":false},"featured_media":247973,"comment_status":"open","ping_status":"open","template":"","meta":[],"product_cat":[9721],"product_tag":[9969],"class_list":{"0":"post-247971","1":"product","2":"type-product","3":"status-publish","4":"has-post-thumbnail","6":"product_brand-hogert-technik-vokietija","7":"product_cat-pneumatiniai-greztuvai-suktuvai","8":"product_tag-hogert-technik-vokietija","10":"first","11":"instock","12":"purchasable","13":"product-type-simple"},"jetpack_sharing_enabled":true,"_links":{"self":[{"href":"https:\/\/irankiuzona.lt\/ru\/wp-json\/wp\/v2\/product\/247971","targetHints":{"allow":["GET"]}}],"collection":[{"href":"https:\/\/irankiuzona.lt\/ru\/wp-json\/wp\/v2\/product"}],"about":[{"href":"https:\/\/irankiuzona.lt\/ru\/wp-json\/wp\/v2\/types\/product"}],"replies":[{"embeddable":true,"href":"https:\/\/irankiuzona.lt\/ru\/wp-json\/wp\/v2\/comments?post=247971"}],"version-history":[{"count":1,"href":"https:\/\/irankiuzona.lt\/ru\/wp-json\/wp\/v2\/product\/247971\/revisions"}],"predecessor-version":[{"id":417261,"href":"https:\/\/irankiuzona.lt\/ru\/wp-json\/wp\/v2\/product\/247971\/revisions\/417261"}],"wp:featuredmedia":[{"embeddable":true,"href":"https:\/\/irankiuzona.lt\/ru\/wp-json\/wp\/v2\/media\/247973"}],"wp:attachment":[{"href":"https:\/\/irankiuzona.lt\/ru\/wp-json\/wp\/v2\/media?parent=247971"}],"wp:term":[{"taxonomy":"product_cat","embeddable":true,"href":"https:\/\/irankiuzona.lt\/ru\/wp-json\/wp\/v2\/product_cat?post=247971"},{"taxonomy":"product_tag","embeddable":true,"href":"https:\/\/irankiuzona.lt\/ru\/wp-json\/wp\/v2\/product_tag?post=247971"}],"curies":[{"name":"wp","href":"https:\/\/api.w.org\/{rel}","templated":true}]}}