{"id":247974,"date":"2024-09-29T08:00:08","date_gmt":"2024-09-29T08:00:08","guid":{"rendered":"https:\/\/irankiuzona.lt\/product\/pneumatinis-slifuoklis-o3-6mm-hogert-ht4r650\/"},"modified":"2026-04-14T23:06:21","modified_gmt":"2026-04-14T23:06:21","slug":"pneumatinis-slifuoklis-o3-6mm-hogert-ht4r650","status":"publish","type":"product","link":"https:\/\/irankiuzona.lt\/ru\/product\/pneumatinis-slifuoklis-o3-6mm-hogert-ht4r650\/","title":{"rendered":"Pneumatinis \u0161lifuoklis \u00f83-6mm, HOGERT HT4R650"},"content":{"rendered":"<p>\u00f8 3mm-6mmIlgis: 173 mmOro sunaudojimas: 113 l\/minMax 0.62 MPa \/ 90 PSIMax 22000 R.P.M.<\/p>","protected":false},"excerpt":{"rendered":"<p>Pneumatin\u0117 \u0161lifavimo ma\u0161in\u0117l\u0117\u00a0\u00f8 3-6mm<\/p>","protected":false},"featured_media":247976,"comment_status":"open","ping_status":"open","template":"","meta":[],"product_cat":[9676],"product_tag":[9969],"class_list":{"0":"post-247974","1":"product","2":"type-product","3":"status-publish","4":"has-post-thumbnail","6":"product_brand-hogert-technik-vokietija","7":"product_cat-pneumatiniai-slifuokliai-ju-priedai","8":"product_tag-hogert-technik-vokietija","10":"first","11":"outofstock","12":"purchasable","13":"product-type-simple"},"jetpack_sharing_enabled":true,"_links":{"self":[{"href":"https:\/\/irankiuzona.lt\/ru\/wp-json\/wp\/v2\/product\/247974","targetHints":{"allow":["GET"]}}],"collection":[{"href":"https:\/\/irankiuzona.lt\/ru\/wp-json\/wp\/v2\/product"}],"about":[{"href":"https:\/\/irankiuzona.lt\/ru\/wp-json\/wp\/v2\/types\/product"}],"replies":[{"embeddable":true,"href":"https:\/\/irankiuzona.lt\/ru\/wp-json\/wp\/v2\/comments?post=247974"}],"version-history":[{"count":1,"href":"https:\/\/irankiuzona.lt\/ru\/wp-json\/wp\/v2\/product\/247974\/revisions"}],"predecessor-version":[{"id":417262,"href":"https:\/\/irankiuzona.lt\/ru\/wp-json\/wp\/v2\/product\/247974\/revisions\/417262"}],"wp:featuredmedia":[{"embeddable":true,"href":"https:\/\/irankiuzona.lt\/ru\/wp-json\/wp\/v2\/media\/247976"}],"wp:attachment":[{"href":"https:\/\/irankiuzona.lt\/ru\/wp-json\/wp\/v2\/media?parent=247974"}],"wp:term":[{"taxonomy":"product_cat","embeddable":true,"href":"https:\/\/irankiuzona.lt\/ru\/wp-json\/wp\/v2\/product_cat?post=247974"},{"taxonomy":"product_tag","embeddable":true,"href":"https:\/\/irankiuzona.lt\/ru\/wp-json\/wp\/v2\/product_tag?post=247974"}],"curies":[{"name":"wp","href":"https:\/\/api.w.org\/{rel}","templated":true}]}}